{"id":1644,"date":"2025-10-31T09:12:01","date_gmt":"2025-10-31T02:12:01","guid":{"rendered":"https:\/\/webify.vn\/?page_id=1644"},"modified":"2026-01-31T12:06:53","modified_gmt":"2026-01-31T05:06:53","slug":"dieu-khoan-su-dung","status":"publish","type":"page","link":"https:\/\/webify.vn\/en\/dieu-khoan-su-dung","title":{"rendered":"\u0110i\u1ec1u kho\u1ea3n s\u1eed d\u1ee5ng"},"content":{"rendered":"<p>B\u1eb1ng vi\u1ec7c ch\u1ea5p nh\u1eadn s\u1eed d\u1ee5ng c\u00e1c d\u1ecbch v\u1ee5 c\u1ee7a h\u1ec7 th\u1ed1ng Webify kh\u00e1ch h\u00e0ng \u0111\u00e3 hi\u1ec3u v\u00e0 \u0111\u1ed3ng \u00fd v\u1edbi c\u00e1c \u0111i\u1ec1u kho\u1ea3n \u0111\u01b0\u1ee3c n\u00eau d\u01b0\u1edbi \u0111\u00e2y:<\/p>\n<p><strong>\u0110i\u1ec1u 1: Quy \u0111\u1ecbnh s\u1eed d\u1ee5ng<\/strong><\/p>\n<p>L\u00e0 c\u00e1c quy \u0111\u1ecbnh li\u00ean quan \u0111\u1ebfn vi\u1ec7c s\u1eed d\u1ee5ng d\u1ecbch v\u1ee5 t\u1ea1i Webify. Ng\u01b0\u1eddi d\u00f9ng khi \u0111\u0103ng k\u00fd v\u00e0 sau khi \u0111i \u0111\u0103ng k\u00fd \u0111\u1ec1u ph\u1ea3i tu\u00e2n th\u1ee7 nh\u1eefng quy \u0111\u1ecbnh n\u00e0y.<\/p>\n<p><strong>\u0110i\u1ec1u 2: Thay \u0111\u1ed5i quy \u0111\u1ecbnh<\/strong><\/p>\n<p>C\u00f4ng ty ch\u00fang t\u00f4i c\u00f3 th\u1ec3 thay \u0111\u1ed5i quy \u0111\u1ecbnh theo c\u00e1c ch\u00ednh s\u00e1ch c\u1ee7a c\u00f4ng ty. Khi c\u00f3 thay \u0111\u1ed5i, ch\u00fang t\u00f4i s\u1ebd \u0111\u0103ng t\u1ea3i m\u1ed9t phi\u00ean b\u1ea3n l\u00ean Webify, phi\u00ean b\u1ea3n s\u1eeda \u0111\u1ed5i s\u1ebd c\u00f3 hi\u1ec7u l\u1ef1c t\u1ea1i th\u1eddi \u0111i\u1ec3m \u0111\u01b0\u1ee3c \u0111\u0103ng. Sau khi quy \u0111\u1ecbnh thay \u0111\u1ed5i, n\u1ebfu th\u00e0nh vi\u00ean s\u1eed d\u1ee5ng, ch\u00fang t\u00f4i coi th\u00e0nh vi\u00ean \u0111\u00e3 ch\u1ea5p nh\u1eadn t\u1ea5t c\u1ea3 c\u00e1c quy \u0111\u1ecbnh m\u1edbi.<\/p>\n<p><strong>\u0110i\u1ec1u 3: S\u1eed d\u1ee5ng d\u1ecbch v\u1ee5<\/strong><\/p>\n<p>Ng\u01b0\u1eddi d\u00f9ng \u0111\u0103ng k\u00fd t\u00e0i kho\u1ea3n v\u00e0 kh\u1edfi t\u1ea1o d\u1ecbch v\u1ee5 t\u1ea1i Webify l\u00e0 ng\u01b0\u1eddi \u0111\u00e3 \u0111\u0103ng k\u00fd s\u1eed d\u1ee5ng d\u1ecbch v\u1ee5 theo quy \u0111\u1ecbnh c\u1ee7a C\u00d4NG TY TNHH GI\u1ea2I PH\u00c1P C\u00d4NG NGH\u1ec6 WEBIFY, v\u00e0 \u0111\u01b0\u1ee3c c\u00f4ng ty ch\u1ea5p nh\u1eadn s\u1ef1 \u0111\u0103ng k\u00fd \u0111\u00f3.<\/p>\n<p><strong>\u0110i\u1ec1u 4: Qu\u1ea3n l\u00fd th\u00f4ng tin<\/strong><\/p>\n<p>Sau khi b\u00e0n giao c\u00e1c th\u00f4ng s\u1ed1 qu\u1ea3n tr\u1ecb d\u1ecbch v\u1ee5 cho ng\u01b0\u1eddi d\u00f9ng, Webify kh\u00f4ng ch\u1ecbu tr\u00e1ch nhi\u1ec7m v\u00e0 kh\u00f4ng b\u1ea3o \u0111\u1ea3m v\u1ec1 t\u00ednh ch\u00ednh x\u00e1c c\u1ee7a nh\u1eefng th\u00f4ng tin t\u1eeb ph\u1ea7n m\u1ec1m, website c\u1ee7a ng\u01b0\u1eddi d\u00f9ng. Webify kh\u00f4ng ch\u1ecbu tr\u00e1ch nhi\u1ec7m ph\u00e1p l\u00fd v\u00e0 b\u1ed3i th\u01b0\u1eddng cho ng\u01b0\u1eddi d\u00f9ng v\u00e0 b\u00ean th\u1ee9 ba \u0111\u1ed1i v\u1edbi c\u00e1c thi\u1ec7t h\u1ea1i tr\u1ef1c ti\u1ebfp, gi\u00e1n ti\u1ebfp, v\u00f4 \u00fd, \u0111\u1eb7c bi\u1ec7t, v\u00f4 h\u00ecnh, c\u00e1c thi\u1ec7t h\u1ea1i v\u1ec1 l\u1ee3i nhu\u1eadn, doanh thu, uy t\u00edn ph\u00e1t sinh t\u1eeb vi\u1ec7c s\u1eed d\u1ee5ng s\u1ea3n ph\u1ea9m, d\u1ecbch v\u1ee5 c\u1ee7a Webify.<\/p>\n<p><strong>\u0110i\u1ec1u 5: T\u1ea1m ng\u1eebng cung c\u1ea5p d\u1ecbch v\u1ee5<\/strong><\/p>\n<p>Webify c\u00f3 quy\u1ec1n ng\u01b0ng cung c\u1ea5p d\u1ecbch v\u1ee5 m\u00e0 kh\u00f4ng ho\u00e0n l\u1ea1i b\u1ea5t k\u1ef3 m\u1ed9t chi ph\u00ed n\u00e0o trong c\u00e1c tr\u01b0\u1eddng h\u1ee3p sau:<\/p>\n<p>\u2013 Ng\u01b0\u1eddi d\u00f9ng s\u1eed d\u1ee5ng ph\u1ea7n m\u1ec1m\/website v\u00e0o b\u1ea5t k\u1ef3 m\u1ee5c \u0111\u00edch\/h\u00ecnh th\u1ee9c n\u00e0o vi ph\u1ea1m ph\u00e1p lu\u1eadt Vi\u1ec7t Nam, \u0111\u1eb7c bi\u1ec7t v\u1ec1 v\u1ea5n \u0111\u1ec1 b\u1ea3n quy\u1ec1n ph\u1ea7n m\u1ec1m, ca kh\u00fac\u2026<\/p>\n<p>\u2013 Ng\u01b0\u1eddi d\u00f9ng g\u1eedi, t\u1ea1o li\u00ean k\u1ebft ho\u1eb7c trung chuy\u1ec3n cho c\u00e1c d\u1eef li\u1ec7u mang t\u00ednh ch\u1ea5t b\u1ea5t h\u1ee3p ph\u00e1p, \u0111e do\u1ea1, l\u1eeba d\u1ed1i, th\u00f9 h\u1eb1n, xuy\u00ean t\u1ea1c, n\u00f3i x\u1ea5u, t\u1ee5c t\u0129u, khi\u00eau d\u00e2m, x\u00fac ph\u1ea1m\u2026 hay c\u00e1c h\u00ecnh th\u1ee9c b\u1ecb ph\u00e1p lu\u1eadt Vi\u1ec7t Nam ng\u0103n c\u1ea5m kh\u00e1c d\u01b0\u1edbi b\u1ea5t k\u1ef3 c\u00e1ch th\u1ee9c n\u00e0o.<\/p>\n<p>\u2013 Ng\u01b0\u1eddi d\u00f9ng l\u01b0u tr\u1eef, truy\u1ec1n b\u00e1 c\u00e1c d\u1eef li\u1ec7u n\u00e0o m\u00e0 c\u1ea5u th\u00e0nh ho\u1eb7c khuy\u1ebfn kh\u00edch c\u00e1c h\u00ecnh th\u1ee9c ph\u1ea1m t\u1ed9i; ho\u1eb7c c\u00e1c d\u1eef li\u1ec7u mang t\u00ednh vi ph\u1ea1m lu\u1eadt s\u00e1ng ch\u1ebf, nh\u00e3n hi\u1ec7u, quy\u1ec1n thi\u1ebft k\u1ebf, b\u1ea3n quy\u1ec1n hay b\u1ea5t k\u1ef3 quy\u1ec1n s\u1ee1 h\u1eefu tr\u00ed tu\u1ec7 ho\u1eb7c c\u00e1c quy\u1ec1n h\u1ea1n c\u1ee7a b\u1ea5t k\u1ef3 c\u00e1 nh\u00e2n n\u00e0o.<\/p>\n<p>\u2013 Ng\u01b0\u1eddi d\u00f9ng s\u1eed d\u1ee5ng website \u0111\u1ec3 ph\u00e1 ho\u1ea1i m\u1ed9t website kh\u00e1c.<\/p>\n<p>\u2013 Ng\u01b0\u1eddi d\u00f9ng s\u1eed d\u1ee5ng c\u00e1c ch\u01b0\u01a1ng tr\u00ecnh c\u00f3 kh\u1ea3 n\u0103ng l\u00e0m t\u1eafc ngh\u1ebdn ho\u1eb7c \u0111\u00ecnh tr\u1ec7 h\u1ec7 th\u1ed1ng, nh\u01b0 g\u00e2y c\u1ea1n ki\u1ec7t t\u00e0i nguy\u00ean h\u1ec7 th\u1ed1ng, l\u00e0m qu\u00e1 t\u1ea3i b\u1ed9 vi x\u1eed l\u00fd v\u00e0 b\u1ed9 nh\u1edb.<\/p>\n<p>\u2013 Ng\u01b0\u1eddi d\u00f9ng s\u1eed d\u1ee5ng website ho\u1eb7c t\u00e0i kho\u1ea3n c\u1ee7a m\u00ecnh \u0111\u1ec3 x\u00e2m nh\u1eadp tr\u00e1i ph\u00e9p v\u00e0o website kh\u00e1c ho\u1eb7c g\u00e2y \u1ea3nh h\u01b0\u1edfng \u0111\u1ebfn kh\u00e1ch h\u00e0ng kh\u00e1c c\u1ee7a Webify.<\/p>\n<p>\u2013 Ng\u01b0\u1eddi d\u00f9ng kh\u00f4ng thanh to\u00e1n c\u00e1c chi ph\u00ed \u0111\u00fang h\u1ea1n.<\/p>\n<p><strong>\u0110i\u1ec1u 6: Qu\u1ea3n l\u00fd t\u00e0i kho\u1ea3n qu\u1ea3n tr\u1ecb<\/strong><\/p>\n<p>Ng\u01b0\u1eddi d\u00f9ng gi\u1eef m\u1ed9t c\u00e1ch an to\u00e0n c\u00e1c th\u00f4ng tin nh\u1eadn bi\u1ebft, m\u1eadt kh\u1ea9u hay nh\u1eefng th\u00f4ng tin ,m\u1eb7t kh\u00e1c li\u00ean quan \u0111\u1ebfn t\u00e0i kho\u1ea3n c\u1ee7a m\u00ecnh v\u00e0 l\u1eadp t\u1ee9c th\u00f4ng b\u00e1o cho Webify khi ph\u00e1t hi\u1ec7n c\u00e1c h\u00ecnh th\u1ee9c truy c\u1eadp tr\u00e1i ph\u00e9p b\u1eb1ng t\u00e0i kho\u1ea3n c\u1ee7a m\u00ecnh ho\u1eb7c c\u00e1c s\u01a1 h\u1edf v\u1ec1 b\u1ea3o m\u1eadt, bao g\u1ed3m vi\u1ec7c m\u1ea5t m\u00e1t, \u0111\u00e1nh c\u1eafp ho\u1eb7c \u0111\u1ec3 l\u1ed9 c\u00e1c th\u00f4ng tin v\u1ec1 m\u1eadt kh\u1ea9u v\u00e0 c\u00e1c th\u00f4ng tin b\u1ea3o m\u1eadt kh\u00e1c.<\/p>\n<p><strong>\u0110i\u1ec1u 7: S\u1eed d\u1ee5ng email<\/strong><\/p>\n<p>\u2013 Ng\u01b0\u1eddi d\u00f9ng ph\u1ea3i t\u1ef1 ch\u1ecbu tr\u00e1ch nhi\u1ec7m v\u1ec1 n\u1ed9i dung c\u00e1c email \u0111\u01b0\u1ee3c g\u1eedi \u0111i t\u1eeb h\u1ed9p th\u01b0 trong t\u00e0i kho\u1ea3n c\u1ee7a m\u00ecnh.<\/p>\n<p>\u2013 B\u1ea1n cung c\u1ea5p email v\u00e0 \u0111\u0103ng k\u00fd \u0111\u1ed3ng ngh\u0129a v\u1edbi vi\u1ec7c b\u1ea1n \u0111\u1ed3ng \u00fd nh\u1eadn email marketing t\u1eeb Webify<\/p>\n<p><strong>\u0110i\u1ec1u 8: Tr\u00e1ch nhi\u1ec7m c\u1ee7a Webify khi ng\u01b0ng cung c\u1ea5p d\u1ecbch v\u1ee5<\/strong><\/p>\n<p>Webify s\u1ebd ho\u00e0n l\u1ea1i ti\u1ec1n trong tr\u01b0\u1eddng h\u1ee3p kh\u00f4ng cung c\u1ea5p v\u00ec ng\u01b0ng ho\u1ea1t \u0111\u1ed9ng.<\/p>\n<p><strong>\u0110i\u1ec1u 9: Gi\u1ea3i quy\u1ebft tranh ch\u1ea5p, lu\u1eadt \u00e1p d\u1ee5ng<\/strong><\/p>\n<p>Trong qu\u00e1 tr\u00ecnh s\u1eed d\u1ee5ng n\u1ebfu x\u1ea3y ra tranh ch\u1ea5p gi\u1eefa ng\u01b0\u1eddi s\u1eed d\u1ee5ng v\u00e0 c\u00f4ng ty ch\u00fang t\u00f4i, hai b\u00ean s\u1ebd ti\u1ebfn h\u00e0nh \u0111\u00e0m ph\u00e1n h\u00f2a gi\u1ea3i v\u1edbi tinh th\u1ea7n h\u1eefu ngh\u1ecb. Trong tr\u01b0\u1eddng h\u1ee3p kh\u00f4ng gi\u1ea3i quy\u1ebft \u0111\u01b0\u1ee3c b\u1eb1ng h\u00f2a gi\u1ea3i s\u1ebd \u0111\u01b0a ra to\u00e0 \u00e1n kinh t\u1ebf H\u00e0 N\u1ed9i gi\u1ea3i quy\u1ebft.<\/p>\n<p>M\u1ecdi th\u1eafc m\u1eafc c\u1ee7a kh\u00e1ch h\u00e0ng li\u00ean quan \u0111\u1ebfn c\u00e1c n\u1ed9i dung tr\u00ean, xin vui l\u00f2ng li\u00ean h\u1ec7 Webify qua email: <a href=\"mailto:contact@webify.vn\">contact@webify.vn<\/a> v\u00e0 s\u1ed1 \u0111i\u1ec7n tho\u1ea1i: <a href=\"tel:0968313247\">0968.313.247<\/a><\/p>","protected":false},"excerpt":{"rendered":"<p>B\u1eb1ng vi\u1ec7c ch\u1ea5p nh\u1eadn s\u1eed d\u1ee5ng c\u00e1c d\u1ecbch v\u1ee5 c\u1ee7a h\u1ec7 th\u1ed1ng Webify kh\u00e1ch h\u00e0ng \u0111\u00e3 hi\u1ec3u v\u00e0 \u0111\u1ed3ng \u00fd v\u1edbi c\u00e1c \u0111i\u1ec1u kho\u1ea3n \u0111\u01b0\u1ee3c n\u00eau d\u01b0\u1edbi \u0111\u00e2y: \u0110i\u1ec1u 1: Quy \u0111\u1ecbnh s\u1eed d\u1ee5ng L\u00e0 c\u00e1c quy \u0111\u1ecbnh li\u00ean quan \u0111\u1ebfn vi\u1ec7c s\u1eed d\u1ee5ng d\u1ecbch v\u1ee5 t\u1ea1i Webify. Ng\u01b0\u1eddi d\u00f9ng khi \u0111\u0103ng k\u00fd v\u00e0 sau [&hellip;]<\/p>\n","protected":false},"author":2,"featured_media":0,"parent":0,"menu_order":0,"comment_status":"closed","ping_status":"closed","template":"","meta":{"footnotes":""},"class_list":["post-1644","page","type-page","status-publish","hentry"],"yoast_head":"<!-- This site is optimized with the Yoast SEO plugin v27.0 - https:\/\/yoast.com\/product\/yoast-seo-wordpress\/ -->\n<title>\u0110i\u1ec1u kho\u1ea3n s\u1eed d\u1ee5ng - Webify<\/title>\n<meta name=\"robots\" content=\"noindex, follow, max-snippet:-1, max-image-preview:large, max-video-preview:-1\" \/>\n<meta property=\"og:locale\" content=\"en_US\" \/>\n<meta property=\"og:type\" content=\"article\" \/>\n<meta property=\"og:title\" content=\"\u0110i\u1ec1u kho\u1ea3n s\u1eed d\u1ee5ng - Webify\" \/>\n<meta property=\"og:description\" content=\"B\u1eb1ng vi\u1ec7c ch\u1ea5p nh\u1eadn s\u1eed d\u1ee5ng c\u00e1c d\u1ecbch v\u1ee5 c\u1ee7a h\u1ec7 th\u1ed1ng Webify kh\u00e1ch h\u00e0ng \u0111\u00e3 hi\u1ec3u v\u00e0 \u0111\u1ed3ng \u00fd v\u1edbi c\u00e1c \u0111i\u1ec1u kho\u1ea3n \u0111\u01b0\u1ee3c n\u00eau d\u01b0\u1edbi \u0111\u00e2y: \u0110i\u1ec1u 1: Quy \u0111\u1ecbnh s\u1eed d\u1ee5ng L\u00e0 c\u00e1c quy \u0111\u1ecbnh li\u00ean quan \u0111\u1ebfn vi\u1ec7c s\u1eed d\u1ee5ng d\u1ecbch v\u1ee5 t\u1ea1i Webify. Ng\u01b0\u1eddi d\u00f9ng khi \u0111\u0103ng k\u00fd v\u00e0 sau [&hellip;]\" \/>\n<meta property=\"og:url\" content=\"https:\/\/webify.vn\/en\/dieu-khoan-su-dung\/\" \/>\n<meta property=\"og:site_name\" content=\"Webify\" \/>\n<meta property=\"article:modified_time\" content=\"2026-01-31T05:06:53+00:00\" \/>\n<meta name=\"twitter:card\" content=\"summary_large_image\" \/>\n<meta name=\"twitter:label1\" content=\"Est. reading time\" \/>\n\t<meta name=\"twitter:data1\" content=\"5 minutes\" \/>\n<script type=\"application\/ld+json\" class=\"yoast-schema-graph\">{\"@context\":\"https:\/\/schema.org\",\"@graph\":[{\"@type\":\"WebPage\",\"@id\":\"https:\/\/webify.vn\/dieu-khoan-su-dung\",\"url\":\"https:\/\/webify.vn\/dieu-khoan-su-dung\",\"name\":\"\u0110i\u1ec1u kho\u1ea3n s\u1eed d\u1ee5ng - Webify\",\"isPartOf\":{\"@id\":\"https:\/\/webify.vn\/#website\"},\"datePublished\":\"2025-10-31T02:12:01+00:00\",\"dateModified\":\"2026-01-31T05:06:53+00:00\",\"breadcrumb\":{\"@id\":\"https:\/\/webify.vn\/dieu-khoan-su-dung#breadcrumb\"},\"inLanguage\":\"en-US\",\"potentialAction\":[{\"@type\":\"ReadAction\",\"target\":[\"https:\/\/webify.vn\/dieu-khoan-su-dung\"]}]},{\"@type\":\"BreadcrumbList\",\"@id\":\"https:\/\/webify.vn\/dieu-khoan-su-dung#breadcrumb\",\"itemListElement\":[{\"@type\":\"ListItem\",\"position\":1,\"name\":\"Trang ch\u1ee7\",\"item\":\"https:\/\/webify.vn\/\"},{\"@type\":\"ListItem\",\"position\":2,\"name\":\"\u0110i\u1ec1u kho\u1ea3n s\u1eed d\u1ee5ng\"}]},{\"@type\":\"WebSite\",\"@id\":\"https:\/\/webify.vn\/#website\",\"url\":\"https:\/\/webify.vn\/\",\"name\":\"Webify\",\"description\":\"Gi\u1ea3i ph\u00e1p Website, Digital Marketing h\u00e0ng \u0111\u1ea7u cho Doanh nghi\u1ec7p\",\"publisher\":{\"@id\":\"https:\/\/webify.vn\/#organization\"},\"potentialAction\":[{\"@type\":\"SearchAction\",\"target\":{\"@type\":\"EntryPoint\",\"urlTemplate\":\"https:\/\/webify.vn\/?s={search_term_string}\"},\"query-input\":{\"@type\":\"PropertyValueSpecification\",\"valueRequired\":true,\"valueName\":\"search_term_string\"}}],\"inLanguage\":\"en-US\"},{\"@type\":\"Organization\",\"@id\":\"https:\/\/webify.vn\/#organization\",\"name\":\"Webify\",\"url\":\"https:\/\/webify.vn\/\",\"logo\":{\"@type\":\"ImageObject\",\"inLanguage\":\"en-US\",\"@id\":\"https:\/\/webify.vn\/#\/schema\/logo\/image\/\",\"url\":\"https:\/\/webify.vn\/wp-content\/uploads\/2025\/03\/webify.webp\",\"contentUrl\":\"https:\/\/webify.vn\/wp-content\/uploads\/2025\/03\/webify.webp\",\"width\":345,\"height\":90,\"caption\":\"Webify\"},\"image\":{\"@id\":\"https:\/\/webify.vn\/#\/schema\/logo\/image\/\"}}]}<\/script>\n<!-- \/ Yoast SEO plugin. -->","yoast_head_json":{"title":"\u0110i\u1ec1u kho\u1ea3n s\u1eed d\u1ee5ng - Webify","robots":{"index":"noindex","follow":"follow","max-snippet":"max-snippet:-1","max-image-preview":"max-image-preview:large","max-video-preview":"max-video-preview:-1"},"og_locale":"en_US","og_type":"article","og_title":"\u0110i\u1ec1u kho\u1ea3n s\u1eed d\u1ee5ng - Webify","og_description":"B\u1eb1ng vi\u1ec7c ch\u1ea5p nh\u1eadn s\u1eed d\u1ee5ng c\u00e1c d\u1ecbch v\u1ee5 c\u1ee7a h\u1ec7 th\u1ed1ng Webify kh\u00e1ch h\u00e0ng \u0111\u00e3 hi\u1ec3u v\u00e0 \u0111\u1ed3ng \u00fd v\u1edbi c\u00e1c \u0111i\u1ec1u kho\u1ea3n \u0111\u01b0\u1ee3c n\u00eau d\u01b0\u1edbi \u0111\u00e2y: \u0110i\u1ec1u 1: Quy \u0111\u1ecbnh s\u1eed d\u1ee5ng L\u00e0 c\u00e1c quy \u0111\u1ecbnh li\u00ean quan \u0111\u1ebfn vi\u1ec7c s\u1eed d\u1ee5ng d\u1ecbch v\u1ee5 t\u1ea1i Webify. Ng\u01b0\u1eddi d\u00f9ng khi \u0111\u0103ng k\u00fd v\u00e0 sau [&hellip;]","og_url":"https:\/\/webify.vn\/en\/dieu-khoan-su-dung\/","og_site_name":"Webify","article_modified_time":"2026-01-31T05:06:53+00:00","twitter_card":"summary_large_image","twitter_misc":{"Est. reading time":"5 minutes"},"schema":{"@context":"https:\/\/schema.org","@graph":[{"@type":"WebPage","@id":"https:\/\/webify.vn\/dieu-khoan-su-dung","url":"https:\/\/webify.vn\/dieu-khoan-su-dung","name":"\u0110i\u1ec1u kho\u1ea3n s\u1eed d\u1ee5ng - Webify","isPartOf":{"@id":"https:\/\/webify.vn\/#website"},"datePublished":"2025-10-31T02:12:01+00:00","dateModified":"2026-01-31T05:06:53+00:00","breadcrumb":{"@id":"https:\/\/webify.vn\/dieu-khoan-su-dung#breadcrumb"},"inLanguage":"en-US","potentialAction":[{"@type":"ReadAction","target":["https:\/\/webify.vn\/dieu-khoan-su-dung"]}]},{"@type":"BreadcrumbList","@id":"https:\/\/webify.vn\/dieu-khoan-su-dung#breadcrumb","itemListElement":[{"@type":"ListItem","position":1,"name":"Trang ch\u1ee7","item":"https:\/\/webify.vn\/"},{"@type":"ListItem","position":2,"name":"\u0110i\u1ec1u kho\u1ea3n s\u1eed d\u1ee5ng"}]},{"@type":"WebSite","@id":"https:\/\/webify.vn\/#website","url":"https:\/\/webify.vn\/","name":"Webify","description":"Gi\u1ea3i ph\u00e1p Website, Digital Marketing h\u00e0ng \u0111\u1ea7u cho Doanh nghi\u1ec7p","publisher":{"@id":"https:\/\/webify.vn\/#organization"},"potentialAction":[{"@type":"SearchAction","target":{"@type":"EntryPoint","urlTemplate":"https:\/\/webify.vn\/?s={search_term_string}"},"query-input":{"@type":"PropertyValueSpecification","valueRequired":true,"valueName":"search_term_string"}}],"inLanguage":"en-US"},{"@type":"Organization","@id":"https:\/\/webify.vn\/#organization","name":"Webify","url":"https:\/\/webify.vn\/","logo":{"@type":"ImageObject","inLanguage":"en-US","@id":"https:\/\/webify.vn\/#\/schema\/logo\/image\/","url":"https:\/\/webify.vn\/wp-content\/uploads\/2025\/03\/webify.webp","contentUrl":"https:\/\/webify.vn\/wp-content\/uploads\/2025\/03\/webify.webp","width":345,"height":90,"caption":"Webify"},"image":{"@id":"https:\/\/webify.vn\/#\/schema\/logo\/image\/"}}]}},"_links":{"self":[{"href":"https:\/\/webify.vn\/en\/wp-json\/wp\/v2\/pages\/1644","targetHints":{"allow":["GET"]}}],"collection":[{"href":"https:\/\/webify.vn\/en\/wp-json\/wp\/v2\/pages"}],"about":[{"href":"https:\/\/webify.vn\/en\/wp-json\/wp\/v2\/types\/page"}],"author":[{"embeddable":true,"href":"https:\/\/webify.vn\/en\/wp-json\/wp\/v2\/users\/2"}],"replies":[{"embeddable":true,"href":"https:\/\/webify.vn\/en\/wp-json\/wp\/v2\/comments?post=1644"}],"version-history":[{"count":0,"href":"https:\/\/webify.vn\/en\/wp-json\/wp\/v2\/pages\/1644\/revisions"}],"wp:attachment":[{"href":"https:\/\/webify.vn\/en\/wp-json\/wp\/v2\/media?parent=1644"}],"curies":[{"name":"wp","href":"https:\/\/api.w.org\/{rel}","templated":true}]}}