{"id":18577,"date":"2026-01-31T10:05:55","date_gmt":"2026-01-31T03:05:55","guid":{"rendered":"https:\/\/webify.vn\/?page_id=18577"},"modified":"2026-01-31T10:41:59","modified_gmt":"2026-01-31T03:41:59","slug":"chinh-sach-ban-giao","status":"publish","type":"page","link":"https:\/\/webify.vn\/en\/chinh-sach-ban-giao","title":{"rendered":"Ch\u00ednh s\u00e1ch b\u00e0n giao"},"content":{"rendered":"<p><strong>G\u00f3i d\u1ecbch v\u1ee5 \u00e1p d\u1ee5ng:<\/strong><\/p>\n<ul>\n<li>G\u00f3i Ti\u00eau chu\u1ea9n<\/li>\n<li>G\u00f3i Cao c\u1ea5p<\/li>\n<\/ul>\n<p><strong>\u0110i\u1ec1u ki\u1ec7n b\u00e0n giao:<\/strong><\/p>\n<ul>\n<li>Th\u1eddi h\u1ea1n \u0111\u0103ng k\u00fd d\u1ecbch v\u1ee5 t\u1ed1i thi\u1ec3u 3 n\u0103m.<\/li>\n<\/ul>\n<p><strong>Quy tr\u00ecnh b\u00e0n giao:<\/strong><\/p>\n<ul>\n<li>Ti\u1ebfp nh\u1eadn y\u00eau c\u1ea7u b\u00e0n giao qua email <a href=\"mailto:contact@webify.vn\">contact@webify.vn<\/a> ho\u1eb7c qua t\u1ed5ng \u0111\u00e0i <a href=\"tel:0968313247\">0968.313.247<\/a><\/li>\n<\/ul>\n<p><strong>Th\u1eddi gian x\u1eed l\u00fd:<\/strong><\/p>\n<ul>\n<li>1 ng\u00e0y l\u00e0m vi\u1ec7c t\u1eeb khi ti\u1ebfp nh\u1eadn y\u00eau c\u1ea7u.<\/li>\n<\/ul>\n<p><strong>Th\u00f4ng tin b\u00e0n giao bao g\u1ed3m:<\/strong><\/p>\n<ul>\n<li>Li\u00ean k\u1ebft t\u1ea3i m\u00e3 ngu\u1ed3n bao g\u1ed3m database (c\u01a1 s\u1edf d\u1eef li\u1ec7u) v\u00e0 source (c\u00e1c t\u1eadp tin m\u00e3 ngu\u1ed3n theo \u0111\u1ecbnh d\u1ea1ng .ZIP).<\/li>\n<li>Bi\u00ean b\u1ea3n b\u00e0n giao m\u00e3 ngu\u1ed3n.<\/li>\n<\/ul>\n<p><strong>Ch\u00ednh s\u00e1ch h\u1ed7 tr\u1ee3:<\/strong><\/p>\n<ul>\n<li>Ch\u00fang t\u00f4i kh\u00f4ng b\u1ea3o h\u00e0nh v\u00e0 h\u1ed7 tr\u1ee3 c\u00e1c y\u00eau c\u1ea7u li\u00ean quan \u0111\u1ebfn m\u00e3 ngu\u1ed3n \u0111\u00e3 b\u00e0n giao.<\/li>\n<\/ul>","protected":false},"excerpt":{"rendered":"<p>G\u00f3i d\u1ecbch v\u1ee5 \u00e1p d\u1ee5ng: G\u00f3i Ti\u00eau chu\u1ea9n G\u00f3i Cao c\u1ea5p \u0110i\u1ec1u ki\u1ec7n b\u00e0n giao: Th\u1eddi h\u1ea1n \u0111\u0103ng k\u00fd d\u1ecbch v\u1ee5 t\u1ed1i thi\u1ec3u 3 n\u0103m. Quy tr\u00ecnh b\u00e0n giao: Ti\u1ebfp nh\u1eadn y\u00eau c\u1ea7u b\u00e0n giao qua email contact@webify.vn ho\u1eb7c qua t\u1ed5ng \u0111\u00e0i 0968.313.247 Th\u1eddi gian x\u1eed l\u00fd: 1 ng\u00e0y l\u00e0m vi\u1ec7c t\u1eeb khi ti\u1ebfp nh\u1eadn [&hellip;]<\/p>\n","protected":false},"author":2,"featured_media":0,"parent":0,"menu_order":0,"comment_status":"closed","ping_status":"closed","template":"","meta":{"footnotes":""},"class_list":["post-18577","page","type-page","status-publish","hentry"],"yoast_head":"<!-- This site is optimized with the Yoast SEO plugin v27.0 - https:\/\/yoast.com\/product\/yoast-seo-wordpress\/ -->\n<title>Ch\u00ednh s\u00e1ch b\u00e0n giao - Webify<\/title>\n<meta name=\"robots\" content=\"noindex, follow, max-snippet:-1, max-image-preview:large, max-video-preview:-1\" \/>\n<meta property=\"og:locale\" content=\"en_US\" \/>\n<meta property=\"og:type\" content=\"article\" \/>\n<meta property=\"og:title\" content=\"Ch\u00ednh s\u00e1ch b\u00e0n giao - Webify\" \/>\n<meta property=\"og:description\" content=\"G\u00f3i d\u1ecbch v\u1ee5 \u00e1p d\u1ee5ng: G\u00f3i Ti\u00eau chu\u1ea9n G\u00f3i Cao c\u1ea5p \u0110i\u1ec1u ki\u1ec7n b\u00e0n giao: Th\u1eddi h\u1ea1n \u0111\u0103ng k\u00fd d\u1ecbch v\u1ee5 t\u1ed1i thi\u1ec3u 3 n\u0103m. Quy tr\u00ecnh b\u00e0n giao: Ti\u1ebfp nh\u1eadn y\u00eau c\u1ea7u b\u00e0n giao qua email contact@webify.vn ho\u1eb7c qua t\u1ed5ng \u0111\u00e0i 0968.313.247 Th\u1eddi gian x\u1eed l\u00fd: 1 ng\u00e0y l\u00e0m vi\u1ec7c t\u1eeb khi ti\u1ebfp nh\u1eadn [&hellip;]\" \/>\n<meta property=\"og:url\" content=\"https:\/\/webify.vn\/en\/chinh-sach-ban-giao\/\" \/>\n<meta property=\"og:site_name\" content=\"Webify\" \/>\n<meta property=\"article:modified_time\" content=\"2026-01-31T03:41:59+00:00\" \/>\n<meta name=\"twitter:card\" content=\"summary_large_image\" \/>\n<meta name=\"twitter:label1\" content=\"Est. reading time\" \/>\n\t<meta name=\"twitter:data1\" content=\"1 minute\" \/>\n<script type=\"application\/ld+json\" class=\"yoast-schema-graph\">{\"@context\":\"https:\/\/schema.org\",\"@graph\":[{\"@type\":\"WebPage\",\"@id\":\"https:\/\/webify.vn\/chinh-sach-ban-giao\",\"url\":\"https:\/\/webify.vn\/chinh-sach-ban-giao\",\"name\":\"Ch\u00ednh s\u00e1ch b\u00e0n giao - Webify\",\"isPartOf\":{\"@id\":\"https:\/\/webify.vn\/#website\"},\"datePublished\":\"2026-01-31T03:05:55+00:00\",\"dateModified\":\"2026-01-31T03:41:59+00:00\",\"breadcrumb\":{\"@id\":\"https:\/\/webify.vn\/chinh-sach-ban-giao#breadcrumb\"},\"inLanguage\":\"en-US\",\"potentialAction\":[{\"@type\":\"ReadAction\",\"target\":[\"https:\/\/webify.vn\/chinh-sach-ban-giao\"]}]},{\"@type\":\"BreadcrumbList\",\"@id\":\"https:\/\/webify.vn\/chinh-sach-ban-giao#breadcrumb\",\"itemListElement\":[{\"@type\":\"ListItem\",\"position\":1,\"name\":\"Trang ch\u1ee7\",\"item\":\"https:\/\/webify.vn\/\"},{\"@type\":\"ListItem\",\"position\":2,\"name\":\"Ch\u00ednh s\u00e1ch b\u00e0n giao\"}]},{\"@type\":\"WebSite\",\"@id\":\"https:\/\/webify.vn\/#website\",\"url\":\"https:\/\/webify.vn\/\",\"name\":\"Webify\",\"description\":\"Gi\u1ea3i ph\u00e1p Website, Digital Marketing h\u00e0ng \u0111\u1ea7u cho Doanh nghi\u1ec7p\",\"publisher\":{\"@id\":\"https:\/\/webify.vn\/#organization\"},\"potentialAction\":[{\"@type\":\"SearchAction\",\"target\":{\"@type\":\"EntryPoint\",\"urlTemplate\":\"https:\/\/webify.vn\/?s={search_term_string}\"},\"query-input\":{\"@type\":\"PropertyValueSpecification\",\"valueRequired\":true,\"valueName\":\"search_term_string\"}}],\"inLanguage\":\"en-US\"},{\"@type\":\"Organization\",\"@id\":\"https:\/\/webify.vn\/#organization\",\"name\":\"Webify\",\"url\":\"https:\/\/webify.vn\/\",\"logo\":{\"@type\":\"ImageObject\",\"inLanguage\":\"en-US\",\"@id\":\"https:\/\/webify.vn\/#\/schema\/logo\/image\/\",\"url\":\"https:\/\/webify.vn\/wp-content\/uploads\/2025\/03\/webify.webp\",\"contentUrl\":\"https:\/\/webify.vn\/wp-content\/uploads\/2025\/03\/webify.webp\",\"width\":345,\"height\":90,\"caption\":\"Webify\"},\"image\":{\"@id\":\"https:\/\/webify.vn\/#\/schema\/logo\/image\/\"}}]}<\/script>\n<!-- \/ Yoast SEO plugin. -->","yoast_head_json":{"title":"Ch\u00ednh s\u00e1ch b\u00e0n giao - Webify","robots":{"index":"noindex","follow":"follow","max-snippet":"max-snippet:-1","max-image-preview":"max-image-preview:large","max-video-preview":"max-video-preview:-1"},"og_locale":"en_US","og_type":"article","og_title":"Ch\u00ednh s\u00e1ch b\u00e0n giao - Webify","og_description":"G\u00f3i d\u1ecbch v\u1ee5 \u00e1p d\u1ee5ng: G\u00f3i Ti\u00eau chu\u1ea9n G\u00f3i Cao c\u1ea5p \u0110i\u1ec1u ki\u1ec7n b\u00e0n giao: Th\u1eddi h\u1ea1n \u0111\u0103ng k\u00fd d\u1ecbch v\u1ee5 t\u1ed1i thi\u1ec3u 3 n\u0103m. Quy tr\u00ecnh b\u00e0n giao: Ti\u1ebfp nh\u1eadn y\u00eau c\u1ea7u b\u00e0n giao qua email contact@webify.vn ho\u1eb7c qua t\u1ed5ng \u0111\u00e0i 0968.313.247 Th\u1eddi gian x\u1eed l\u00fd: 1 ng\u00e0y l\u00e0m vi\u1ec7c t\u1eeb khi ti\u1ebfp nh\u1eadn [&hellip;]","og_url":"https:\/\/webify.vn\/en\/chinh-sach-ban-giao\/","og_site_name":"Webify","article_modified_time":"2026-01-31T03:41:59+00:00","twitter_card":"summary_large_image","twitter_misc":{"Est. reading time":"1 minute"},"schema":{"@context":"https:\/\/schema.org","@graph":[{"@type":"WebPage","@id":"https:\/\/webify.vn\/chinh-sach-ban-giao","url":"https:\/\/webify.vn\/chinh-sach-ban-giao","name":"Ch\u00ednh s\u00e1ch b\u00e0n giao - Webify","isPartOf":{"@id":"https:\/\/webify.vn\/#website"},"datePublished":"2026-01-31T03:05:55+00:00","dateModified":"2026-01-31T03:41:59+00:00","breadcrumb":{"@id":"https:\/\/webify.vn\/chinh-sach-ban-giao#breadcrumb"},"inLanguage":"en-US","potentialAction":[{"@type":"ReadAction","target":["https:\/\/webify.vn\/chinh-sach-ban-giao"]}]},{"@type":"BreadcrumbList","@id":"https:\/\/webify.vn\/chinh-sach-ban-giao#breadcrumb","itemListElement":[{"@type":"ListItem","position":1,"name":"Trang ch\u1ee7","item":"https:\/\/webify.vn\/"},{"@type":"ListItem","position":2,"name":"Ch\u00ednh s\u00e1ch b\u00e0n giao"}]},{"@type":"WebSite","@id":"https:\/\/webify.vn\/#website","url":"https:\/\/webify.vn\/","name":"Webify","description":"Gi\u1ea3i ph\u00e1p Website, Digital Marketing h\u00e0ng \u0111\u1ea7u cho Doanh nghi\u1ec7p","publisher":{"@id":"https:\/\/webify.vn\/#organization"},"potentialAction":[{"@type":"SearchAction","target":{"@type":"EntryPoint","urlTemplate":"https:\/\/webify.vn\/?s={search_term_string}"},"query-input":{"@type":"PropertyValueSpecification","valueRequired":true,"valueName":"search_term_string"}}],"inLanguage":"en-US"},{"@type":"Organization","@id":"https:\/\/webify.vn\/#organization","name":"Webify","url":"https:\/\/webify.vn\/","logo":{"@type":"ImageObject","inLanguage":"en-US","@id":"https:\/\/webify.vn\/#\/schema\/logo\/image\/","url":"https:\/\/webify.vn\/wp-content\/uploads\/2025\/03\/webify.webp","contentUrl":"https:\/\/webify.vn\/wp-content\/uploads\/2025\/03\/webify.webp","width":345,"height":90,"caption":"Webify"},"image":{"@id":"https:\/\/webify.vn\/#\/schema\/logo\/image\/"}}]}},"_links":{"self":[{"href":"https:\/\/webify.vn\/en\/wp-json\/wp\/v2\/pages\/18577","targetHints":{"allow":["GET"]}}],"collection":[{"href":"https:\/\/webify.vn\/en\/wp-json\/wp\/v2\/pages"}],"about":[{"href":"https:\/\/webify.vn\/en\/wp-json\/wp\/v2\/types\/page"}],"author":[{"embeddable":true,"href":"https:\/\/webify.vn\/en\/wp-json\/wp\/v2\/users\/2"}],"replies":[{"embeddable":true,"href":"https:\/\/webify.vn\/en\/wp-json\/wp\/v2\/comments?post=18577"}],"version-history":[{"count":0,"href":"https:\/\/webify.vn\/en\/wp-json\/wp\/v2\/pages\/18577\/revisions"}],"wp:attachment":[{"href":"https:\/\/webify.vn\/en\/wp-json\/wp\/v2\/media?parent=18577"}],"curies":[{"name":"wp","href":"https:\/\/api.w.org\/{rel}","templated":true}]}}