{"id":18579,"date":"2026-01-31T10:06:02","date_gmt":"2026-01-31T03:06:02","guid":{"rendered":"https:\/\/webify.vn\/?page_id=18579"},"modified":"2026-01-31T10:47:44","modified_gmt":"2026-01-31T03:47:44","slug":"chinh-sach-ho-tro-hoan-thien-noi-dung","status":"publish","type":"page","link":"https:\/\/webify.vn\/en\/chinh-sach-ho-tro-hoan-thien-noi-dung","title":{"rendered":"Ch\u00ednh s\u00e1ch h\u1ed7 tr\u1ee3 ho\u00e0n thi\u1ec7n n\u1ed9i dung"},"content":{"rendered":"<p>Website c\u1ee7a ch\u00fang t\u00f4i v\u00e0 nh\u1eefng D\u1ecbch v\u1ee5 tr\u00ean website \u0111\u01b0\u1ee3c x\u00e2y d\u1ef1ng v\u00e0 thu\u1ed9c s\u1edf h\u1eefu c\u1ee7a Webify. Vi\u1ec7c b\u1ea1n s\u1eed d\u1ee5ng website v\u00e0 c\u00e1c d\u1ecbch v\u1ee5 \u0111\u01b0\u1ee3c m\u00f4 t\u1ea3 tr\u00ean website \u0111\u1ed3ng ngh\u0129a vi\u1ec7c b\u1ea1n \u0111\u1ed3ng \u00fd v\u1edbi nh\u1eefng n\u1ed9i dung \u0111\u01b0\u1ee3c quy \u0111\u1ecbnh trong Ch\u00ednh s\u00e1ch h\u1ed7 tr\u1ee3 ho\u00e0n thi\u1ec7n n\u1ed9i dung l\u1ea7n \u0111\u1ea7u n\u00e0y.<\/p>\n<p>C\u0103n c\u1ee9 v\u00e0o th\u1ef1c ti\u1ec5n ho\u1ea1t \u0111\u1ed9ng kinh doanh v\u00e0 quy \u0111\u1ecbnh c\u1ee7a ph\u00e1p lu\u1eadt, ch\u00fang t\u00f4i c\u00f3 quy\u1ec1n ch\u1ec9nh s\u1eeda, c\u1eadp nh\u1eadt, b\u1ed5 sung ho\u1eb7c lo\u1ea1i b\u1ecf m\u1ed9t ph\u1ea7n ho\u1eb7c to\u00e0n b\u1ed9 n\u1ed9i dung \u0111i\u1ec1u kho\u1ea3n m\u00e0 kh\u00f4ng b\u1eaft bu\u1ed9c th\u00f4ng b\u00e1o tr\u1ef1c ti\u1ebfp cho b\u1ea1n, nh\u01b0ng s\u1ebd \u0111\u0103ng c\u00f4ng khai tr\u00ean website c\u1ee7a ch\u00fang t\u00f4i.<\/p>\n<p>Trong tr\u01b0\u1eddng h\u1ee3p m\u1ed9t ho\u1eb7c m\u1ed9t s\u1ed1 \u0111i\u1ec1u kho\u1ea3n Th\u1ecfa Thu\u1eadn s\u1eed d\u1ee5ng n\u00e0y xung \u0111\u1ed9t v\u1edbi c\u00e1c quy \u0111\u1ecbnh lu\u1eadt ph\u00e1p c\u1ee7a T\u00f2a \u00e1n tuy\u00ean, \u0111i\u1ec1u kho\u1ea3n \u0111\u00f3 s\u1ebd kh\u00f4ng c\u00f3 hi\u1ec7u l\u1ef1c \u00e1p d\u1ee5ng v\u00e0 \u0111\u01b0\u1ee3c ch\u1ec9nh s\u1eeda cho ph\u00f9 h\u1ee3p v\u1edbi quy \u0111\u1ecbnh ph\u00e1p lu\u1eadt hi\u1ec7n h\u00e0nh, ph\u1ea7n c\u00f2n l\u1ea1i c\u1ee7a Th\u1ecfa thu\u1eadn s\u1eed d\u1ee5ng v\u1eabn gi\u1eef nguy\u00ean gi\u00e1 tr\u1ecb.<\/p>\n<p><strong>QUY TR\u00ccNH TH\u1ef0C HI\u1ec6N<\/strong><\/p>\n<p>Khi b\u1ea1n \u0111\u1eb7t h\u00e0ng d\u1ecbch v\u1ee5 website t\u1ea1i Webify, \u1edf giai \u0111o\u1ea1n \u0111\u1ea7u ti\u00ean ch\u00fang t\u00f4i s\u1ebd b\u00e0n giao cho b\u1ea1n giao di\u1ec7n v\u00e0 n\u1ed9i dung theo \u0111\u00fang m\u1eabu b\u1ea1n ch\u1ecdn \u1edf Kho Giao Di\u1ec7n, b\u1ea1n ph\u1ea3i cung c\u1ea5p cho Webify c\u00e1c th\u00f4ng tin \u0111\u1eb7c th\u00f9 c\u1ee7a b\u1ea1n \u0111\u1ec3 ch\u00fang t\u00f4i th\u1ef1c hi\u1ec7n c\u00f4ng vi\u1ec7c ho\u00e0n thi\u1ec7n website l\u1ea7n \u0111\u1ea7u, c\u1ee5 th\u1ec3:<\/p>\n<p>C\u00e1c th\u00f4ng tin c\u01a1 b\u1ea3n<\/p>\n<ul>\n<li>Logo c\u00f4ng ty, c\u1eeda h\u00e0ng: N\u1ebfu Qu\u00fd kh\u00e1ch ch\u01b0a c\u00f3 logo, \u0111\u0103ng k\u00fd thi\u1ebft k\u1ebf logo m\u1edbi<\/li>\n<li>T\u00ean c\u00f4ng ty, c\u1eeda h\u00e0ng: Th\u00f4ng tin n\u00e0y s\u1ebd \u0111\u01b0\u1ee3c d\u00f9ng l\u00e0m ti\u00eau \u0111\u1ec1 web v\u00e0 d\u00f2ng ch\u1eef b\u1ea3n quy\u1ec1n.<\/li>\n<li>\u0110\u1ecba ch\u1ec9: Th\u00f4ng tin n\u00e0y s\u1ebd \u0111\u01b0\u1ee3c d\u00f9ng \u1edf ch\u00e2n trang v\u00e0 trang li\u00ean h\u1ec7.<\/li>\n<li>S\u1ed1 \u0111i\u1ec7n tho\u1ea1i: Th\u00f4ng tin n\u00e0y s\u1ebd \u0111\u01b0\u1ee3c d\u00f9ng \u1edf trang li\u00ean h\u1ec7.<\/li>\n<li>Email li\u00ean h\u1ec7: Th\u00f4ng tin n\u00e0y s\u1ebd \u0111\u01b0\u1ee3c d\u00f9ng \u1edf ch\u00e2n trang v\u00e0 trang li\u00ean h\u1ec7.<\/li>\n<li>Th\u00f4ng tin li\u00ean h\u1ec7 kh\u00e1c (n\u1ebfu c\u00f3): Trong tr\u01b0\u1eddng h\u1ee3p Qu\u00fd kh\u00e1ch c\u1ea7n th\u1ec3 hi\u1ec7n th\u00eam nhi\u1ec1u th\u00f4ng tin nh\u01b0 M\u00e3 S\u1ed1 Thu\u1ebf, c\u00e1c v\u0103n ph\u00f2ng \u0111\u1ea1i di\u1ec7n.<\/li>\n<li>T\u00ean mi\u1ec1n ch\u00ednh \u0111\u1ec3 ch\u1ea1y web: N\u1ebfu Qu\u00fd kh\u00e1ch ch\u01b0a c\u00f3 t\u00ean mi\u1ec1n, \u0111\u0103ng k\u00fd t\u00ean mi\u1ec1n t\u1ea1i<\/li>\n<li>B\u00e0i vi\u1ebft gi\u1edbi thi\u1ec7u c\u00f4ng ty, c\u1eeda h\u00e0ng<\/li>\n<li>\u1ea2nh \u0111\u1ec3 thi\u1ebft k\u1ebf banner: \u1ea2nh r\u00f5 n\u00e9t, ch\u1ea5t l\u01b0\u1ee3ng cao, k\u00e8m theo th\u00f4ng \u0111i\u1ec7p hi\u1ec3n th\u1ecb tr\u00ean m\u1ed7i banner.<\/li>\n<\/ul>\n<p>Nh\u1eadp li\u1ec7u theo g\u00f3i Web \u0111\u00e3 \u0111\u0103ng k\u00fd<\/p>\n<p>S\u00e1ng t\u1ea1o n\u1ed9i dung: Webify s\u1ebd s\u00e1ng t\u1ea1o n\u1ed9i d\u1ee5ng d\u1ef1a v\u00e0o y\u00eau c\u1ea7u c\u1ee7a b\u1ea1n.<\/p>\n<p>Trang b\u1ed1 c\u1ee5c: C\u00e1c trang ch\u1ee9a c\u00e1c n\u1ed9i dung c\u00f3 thi\u1ebft k\u1ebf b\u1ed1 c\u1ee5c nh\u01b0 trang ch\u1ee7, gi\u1edbi thi\u1ec7u, d\u1ecbch v\u1ee5, li\u00ean h\u1ec7,\u2026<\/p>\n<p>Kh\u1ed1i b\u1ed1 c\u1ee5c: T\u1ed5ng h\u1ee3p c\u00e1c n\u1ed9i dung hi\u1ec3n th\u1ecb \u0111\u01b0\u1ee3c tr\u00ecnh b\u00e0y \u1edf d\u1ea1ng h\u00e0ng ngang, th\u00f4ng th\u01b0\u1eddng m\u1ed9t trang b\u1ed1 c\u1ee5c s\u1ebd ch\u1ee9a nhi\u1ec1u kh\u1ed1i b\u1ed1 c\u1ee5c.<\/p>\n<p>Nh\u1eadp li\u1ec7u 20 danh m\u1ee5c (bao g\u1ed3m danh m\u1ee5c b\u00e0i vi\u1ebft v\u00e0 s\u1ea3n ph\u1ea9m) mi\u1ec5n ph\u00ed l\u1ea7n \u0111\u1ea7u, danh m\u1ee5c th\u1ee9 21 tr\u1edf \u0111i s\u1ebd t\u00ednh 5 danh m\u1ee5c l\u00e0 01 \u0111\u01a1n v\u1ecb tin.<\/p>\n<p>S\u1ed1 l\u01b0\u1ee3ng v\u01b0\u1ee3t h\u1ea1n m\u1ee9c l\u1edbn h\u01a1n 1 s\u1ebd \u0111\u01b0\u1ee3c t\u00ednh th\u00eam 01 \u0111\u01a1n v\u1ecb tin.<\/p>\n<p>Bi\u1ebfn th\u1ec3 l\u00e0 ti\u1ec7n \u00edch d\u00e0nh ri\u00eang cho s\u1ea3n ph\u1ea9m, v\u00ed d\u1ee5: m\u00e0u s\u1eafc, k\u00edch th\u01b0\u1edbc,\u2026<\/p>\n<p>Trang ch\u1ee7 v\u00e0 trang li\u00ean h\u1ec7 s\u1ebd nh\u1eadp li\u1ec7u mi\u1ec5n ph\u00ed l\u1ea7n \u0111\u1ea7u theo b\u1ed1 c\u1ee5c c\u00f3 s\u1eb5n c\u1ee7a m\u1eabu giao di\u1ec7n \u0111\u0103ng k\u00fd, c\u00e1c l\u1ea7n ch\u1ec9nh s\u1eeda v\u1ec1 sau s\u1ebd t\u00ednh theo trang b\u1ed1 c\u1ee5c.<\/p>\n<p>Thay \u0111\u1ed5i k\u00edch th\u01b0\u1edbc: Thay \u0111\u1ed5i k\u00edch th\u01b0\u1edbc h\u00ecnh \u1ea3nh \u0111\u1ec3 ph\u00f9 h\u1ee3p v\u1edbi giao di\u1ec7n website.<\/p>\n<p>Ch\u1ec9nh hi\u1ec7u \u1ee9ng: \u0110i\u1ec1u ch\u1ec9nh hi\u1ec7u \u1ee9ng \u00e1nh s\u00e1ng c\u1ee7a h\u00ecnh \u1ea3nh b\u1eb1ng c\u00f4ng ngh\u1ec7 AI.<\/p>\n<p>T\u0103ng ch\u1ea5t l\u01b0\u1ee3ng \u1ea3nh: Chuy\u1ec3n \u0111\u1ed5i \u1ea3nh t\u1eeb ch\u1ea5t l\u01b0\u1ee3ng th\u1ea5p l\u00ean ch\u1ea5t l\u01b0\u1ee3ng cao v\u1edbi \u0111\u1ed9 ph\u00e2n gi\u1ea3i s\u1eafc n\u00e9t h\u01a1n b\u1eb1ng c\u00f4ng ngh\u1ec7 AI.<\/p>\n<p>X\u00f3a n\u1ec1n: X\u00f3a b\u1ecf n\u1ec1n c\u1ee7a h\u00ecnh \u1ea3nh v\u00e0 gi\u1eef l\u1ea1i \u1ea3nh ch\u00ednh d\u01b0\u1edbi \u0111\u1ecbnh d\u1ea1ng \u1ea3nh .PNG<\/p>\n<p>Ch\u00e8n logo: Ch\u00e8n logo c\u1ee7a b\u1ea1n v\u00e0o h\u00ecnh \u1ea3nh.<\/p>\n<p>Gh\u00e9p n\u1ec1n: Gh\u00e9p n\u1ec1n m\u1edbi (Qu\u00fd kh\u00e1ch g\u1eedi) cho h\u00ecnh \u1ea3nh<\/p>\n<p>\u0110\u1ec3 t\u0103ng t\u00ednh th\u1ea9m m\u1ef9 c\u1ee7a website, Qu\u00fd kh\u00e1ch vui l\u00f2ng cung c\u1ea5p gi\u00fap Webify h\u00ecnh \u1ea3nh \u0111\u1ea1i di\u1ec7n c\u00f3 ch\u1ea5t l\u01b0\u1ee3ng cao, n\u00e9n v\u00e0o file ri\u00eang (\u0111\u1ecbnh d\u1ea1ng .zip .rar .7z), h\u1ea1n ch\u1ebf d\u00e1n h\u00ecnh trong t\u1eadp tin Word ho\u1eb7c Excel \u0111\u1ec3 \u0111\u1ea3m b\u1ea3o ch\u1ea5t l\u01b0\u1ee3ng t\u1ed1t nh\u1ea5t.<\/p>\n<p>Thay \u0111\u1ed5i m\u00e0u ch\u1ee7 \u0111\u1ea1o: Qu\u00fd kh\u00e1ch \u0111\u01b0\u1ee3c \u0111\u1ed5i m\u00e0u ch\u1ee7 \u0111\u1ea1o website mi\u1ec5n ph\u00ed 1 l\u1ea7n sau 07 ng\u00e0y k\u1ec3 t\u1eeb ng\u00e0y \u0111\u0103ng k\u00fd. Vui l\u00f2ng cung c\u1ea5p m\u00e0u mu\u1ed1n \u0111\u1ed5i<\/p>\n<p>L\u01b0u \u00fd: ch\u1ec9 ch\u1ecdn 1 m\u00e0u ch\u00ednh duy nh\u1ea5t, Webify s\u1ebd ch\u1ee7 \u0111\u1ed9ng ph\u1ed1i m\u00e0u t\u1ed5ng th\u1ec3 cho ph\u00f9 h\u1ee3p.<\/p>\n<p>C\u00e1c \u0111\u1ecbnh d\u1ea1ng t\u1ea1i li\u1ec7u Webify h\u1ed7 tr\u1ee3 ti\u1ebfp nh\u1eadn<\/p>\n<p>C\u00e1c d\u1ea1ng t\u1eadp tin \u0111\u01b0\u1ee3c l\u01b0u tr\u1eef tr\u00ean m\u00e1y t\u00ednh: Microsoft Word (.doc, .docx), Microsoft Excel (.xls, .xlsx), Microsoft PowerPoint (.ppt, .pptx), Adobe Acrobat (.pdf), v\u00e0 c\u00e1c d\u1ea1ng t\u1eadp tin h\u00ecnh \u1ea3nh (.jpg, .gif, .bmp)<\/p>\n<p>\u0110\u1ecba ch\u1ec9 website trong tr\u01b0\u1eddng h\u1ee3p b\u1ea1n y\u00eau c\u1ea7u sao ch\u00e9p n\u1ed9i dung t\u1eeb m\u1ed9t website tham kh\u1ea3o.<\/p>\n<p>S\u1ed1 l\u01b0\u1ee3ng \u0111\u1ecbnh m\u1ee9c c\u00e1c \u0111\u01a1n v\u1ecb tin t\u00f9y thu\u1ed9c v\u00e0o g\u00f3i d\u1ecbch v\u1ee5 Webify m\u00e0 b\u1ea1n \u0111\u00e3 \u0111\u0103ng k\u00fd, khi b\u1ea1n \u0111\u00e3 \u0111\u01b0\u1ee3c Webify th\u1ef1c hi\u1ec7n h\u1ebft s\u1ed1 l\u01b0\u1ee3ng \u0111\u1ecbnh m\u1ee9c nh\u1eadp li\u1ec7u v\u00e0 b\u1ea1n ti\u1ebfp t\u1ee5c c\u00f3 nhu c\u1ea7u \u0111\u1ec3 Webify th\u1ef1c hi\u1ec7n th\u00ec b\u1ea1n ph\u1ea3i s\u1eed d\u1ee5ng c\u00e1c d\u1ecbch v\u1ee5 ho\u00e0n thi\u1ec7n c\u00f3 ph\u00ed.<\/p>\n<p>B\u1ea1n c\u0169ng \u0111\u1ed3ng \u00fd r\u1eb1ng Ch\u00ednh s\u00e1ch ho\u00e0n thi\u1ec7n n\u1ed9i dung l\u1ea7n \u0111\u1ea7u kh\u00f4ng ph\u1ea3i l\u00e0 d\u1ecbch v\u1ee5 s\u00e1ng t\u1ea1o \/ vi\u1ebft n\u1ed9i dung, tr\u1eeb khi b\u1ea1n \u0111\u1eb7t mua d\u1ecbch v\u1ee5 vi\u1ebft b\u00e0i c\u00f3 ph\u00ed.<\/p>\n<p>T\u00f9y theo t\u1eebng \u0111i\u1ec1u ki\u1ec7n c\u1ee5 th\u1ec3, Webify c\u00f3 th\u1ec3 h\u1ed7 tr\u1ee3 b\u1ea1n vi\u1ec7c ch\u1ee7 \u0111\u1ed9ng t\u00ecm ki\u1ebfm n\u1ed9i dung \/ h\u00ecnh \u1ea3nh d\u1ef1a tr\u00ean c\u00e1c ti\u00eau ch\u00ed ng\u00e0nh ngh\u1ec1 b\u1ea1n cung c\u1ea5p, c\u00e1c th\u00f4ng tin Webify t\u00ecm ki\u1ebfm ho\u00e0n to\u00e0n kh\u00e1ch quan tr\u00ean Internet v\u00e0 s\u1ebd kh\u00f4ng ch\u1ecbu b\u1ea5t k\u1ef3 tr\u00e1ch nhi\u1ec7m g\u00ec v\u1ec1 vi\u1ec7c b\u1ea3n quy\u1ec1n sao ch\u00e9p, s\u1ed1 l\u01b0\u1ee3ng \u0111\u1ecbnh m\u1ee9c h\u1ed7 tr\u1ee3 \u1edf c\u00f4ng vi\u1ec7c n\u00e0y kh\u00f4ng qu\u00e1 30% t\u1ed5ng \u0111\u1ecbnh m\u1ee9c nh\u1eadp li\u1ec7u theo g\u00f3i d\u1ecbch v\u1ee5 b\u1ea1n \u0111\u00e3 ch\u1ecdn.<\/p>","protected":false},"excerpt":{"rendered":"<p>Website c\u1ee7a ch\u00fang t\u00f4i v\u00e0 nh\u1eefng D\u1ecbch v\u1ee5 tr\u00ean website \u0111\u01b0\u1ee3c x\u00e2y d\u1ef1ng v\u00e0 thu\u1ed9c s\u1edf h\u1eefu c\u1ee7a Webify. Vi\u1ec7c b\u1ea1n s\u1eed d\u1ee5ng website v\u00e0 c\u00e1c d\u1ecbch v\u1ee5 \u0111\u01b0\u1ee3c m\u00f4 t\u1ea3 tr\u00ean website \u0111\u1ed3ng ngh\u0129a vi\u1ec7c b\u1ea1n \u0111\u1ed3ng \u00fd v\u1edbi nh\u1eefng n\u1ed9i dung \u0111\u01b0\u1ee3c quy \u0111\u1ecbnh trong Ch\u00ednh s\u00e1ch h\u1ed7 tr\u1ee3 ho\u00e0n thi\u1ec7n n\u1ed9i dung [&hellip;]<\/p>\n","protected":false},"author":2,"featured_media":0,"parent":0,"menu_order":0,"comment_status":"closed","ping_status":"closed","template":"","meta":{"footnotes":""},"class_list":["post-18579","page","type-page","status-publish","hentry"],"yoast_head":"<!-- This site is optimized with the Yoast SEO plugin v27.0 - https:\/\/yoast.com\/product\/yoast-seo-wordpress\/ -->\n<title>Ch\u00ednh s\u00e1ch h\u1ed7 tr\u1ee3 ho\u00e0n thi\u1ec7n n\u1ed9i dung - Webify<\/title>\n<meta name=\"robots\" content=\"noindex, follow, max-snippet:-1, max-image-preview:large, max-video-preview:-1\" \/>\n<meta property=\"og:locale\" content=\"en_US\" \/>\n<meta property=\"og:type\" content=\"article\" \/>\n<meta property=\"og:title\" content=\"Ch\u00ednh s\u00e1ch h\u1ed7 tr\u1ee3 ho\u00e0n thi\u1ec7n n\u1ed9i dung - Webify\" \/>\n<meta property=\"og:description\" content=\"Website c\u1ee7a ch\u00fang t\u00f4i v\u00e0 nh\u1eefng D\u1ecbch v\u1ee5 tr\u00ean website \u0111\u01b0\u1ee3c x\u00e2y d\u1ef1ng v\u00e0 thu\u1ed9c s\u1edf h\u1eefu c\u1ee7a Webify. Vi\u1ec7c b\u1ea1n s\u1eed d\u1ee5ng website v\u00e0 c\u00e1c d\u1ecbch v\u1ee5 \u0111\u01b0\u1ee3c m\u00f4 t\u1ea3 tr\u00ean website \u0111\u1ed3ng ngh\u0129a vi\u1ec7c b\u1ea1n \u0111\u1ed3ng \u00fd v\u1edbi nh\u1eefng n\u1ed9i dung \u0111\u01b0\u1ee3c quy \u0111\u1ecbnh trong Ch\u00ednh s\u00e1ch h\u1ed7 tr\u1ee3 ho\u00e0n thi\u1ec7n n\u1ed9i dung [&hellip;]\" \/>\n<meta property=\"og:url\" content=\"https:\/\/webify.vn\/en\/chinh-sach-ho-tro-hoan-thien-noi-dung\/\" \/>\n<meta property=\"og:site_name\" content=\"Webify\" \/>\n<meta property=\"article:modified_time\" content=\"2026-01-31T03:47:44+00:00\" \/>\n<meta name=\"twitter:card\" content=\"summary_large_image\" \/>\n<meta name=\"twitter:label1\" content=\"Est. reading time\" \/>\n\t<meta name=\"twitter:data1\" content=\"6 minutes\" \/>\n<script type=\"application\/ld+json\" class=\"yoast-schema-graph\">{\"@context\":\"https:\/\/schema.org\",\"@graph\":[{\"@type\":\"WebPage\",\"@id\":\"https:\/\/webify.vn\/chinh-sach-ho-tro-hoan-thien-noi-dung\",\"url\":\"https:\/\/webify.vn\/chinh-sach-ho-tro-hoan-thien-noi-dung\",\"name\":\"Ch\u00ednh s\u00e1ch h\u1ed7 tr\u1ee3 ho\u00e0n thi\u1ec7n n\u1ed9i dung - Webify\",\"isPartOf\":{\"@id\":\"https:\/\/webify.vn\/#website\"},\"datePublished\":\"2026-01-31T03:06:02+00:00\",\"dateModified\":\"2026-01-31T03:47:44+00:00\",\"breadcrumb\":{\"@id\":\"https:\/\/webify.vn\/chinh-sach-ho-tro-hoan-thien-noi-dung#breadcrumb\"},\"inLanguage\":\"en-US\",\"potentialAction\":[{\"@type\":\"ReadAction\",\"target\":[\"https:\/\/webify.vn\/chinh-sach-ho-tro-hoan-thien-noi-dung\"]}]},{\"@type\":\"BreadcrumbList\",\"@id\":\"https:\/\/webify.vn\/chinh-sach-ho-tro-hoan-thien-noi-dung#breadcrumb\",\"itemListElement\":[{\"@type\":\"ListItem\",\"position\":1,\"name\":\"Trang ch\u1ee7\",\"item\":\"https:\/\/webify.vn\/\"},{\"@type\":\"ListItem\",\"position\":2,\"name\":\"Ch\u00ednh s\u00e1ch h\u1ed7 tr\u1ee3 ho\u00e0n thi\u1ec7n n\u1ed9i dung\"}]},{\"@type\":\"WebSite\",\"@id\":\"https:\/\/webify.vn\/#website\",\"url\":\"https:\/\/webify.vn\/\",\"name\":\"Webify\",\"description\":\"Gi\u1ea3i ph\u00e1p Website, Digital Marketing h\u00e0ng \u0111\u1ea7u cho Doanh nghi\u1ec7p\",\"publisher\":{\"@id\":\"https:\/\/webify.vn\/#organization\"},\"potentialAction\":[{\"@type\":\"SearchAction\",\"target\":{\"@type\":\"EntryPoint\",\"urlTemplate\":\"https:\/\/webify.vn\/?s={search_term_string}\"},\"query-input\":{\"@type\":\"PropertyValueSpecification\",\"valueRequired\":true,\"valueName\":\"search_term_string\"}}],\"inLanguage\":\"en-US\"},{\"@type\":\"Organization\",\"@id\":\"https:\/\/webify.vn\/#organization\",\"name\":\"Webify\",\"url\":\"https:\/\/webify.vn\/\",\"logo\":{\"@type\":\"ImageObject\",\"inLanguage\":\"en-US\",\"@id\":\"https:\/\/webify.vn\/#\/schema\/logo\/image\/\",\"url\":\"https:\/\/webify.vn\/wp-content\/uploads\/2025\/03\/webify.webp\",\"contentUrl\":\"https:\/\/webify.vn\/wp-content\/uploads\/2025\/03\/webify.webp\",\"width\":345,\"height\":90,\"caption\":\"Webify\"},\"image\":{\"@id\":\"https:\/\/webify.vn\/#\/schema\/logo\/image\/\"}}]}<\/script>\n<!-- \/ Yoast SEO plugin. -->","yoast_head_json":{"title":"Ch\u00ednh s\u00e1ch h\u1ed7 tr\u1ee3 ho\u00e0n thi\u1ec7n n\u1ed9i dung - Webify","robots":{"index":"noindex","follow":"follow","max-snippet":"max-snippet:-1","max-image-preview":"max-image-preview:large","max-video-preview":"max-video-preview:-1"},"og_locale":"en_US","og_type":"article","og_title":"Ch\u00ednh s\u00e1ch h\u1ed7 tr\u1ee3 ho\u00e0n thi\u1ec7n n\u1ed9i dung - Webify","og_description":"Website c\u1ee7a ch\u00fang t\u00f4i v\u00e0 nh\u1eefng D\u1ecbch v\u1ee5 tr\u00ean website \u0111\u01b0\u1ee3c x\u00e2y d\u1ef1ng v\u00e0 thu\u1ed9c s\u1edf h\u1eefu c\u1ee7a Webify. Vi\u1ec7c b\u1ea1n s\u1eed d\u1ee5ng website v\u00e0 c\u00e1c d\u1ecbch v\u1ee5 \u0111\u01b0\u1ee3c m\u00f4 t\u1ea3 tr\u00ean website \u0111\u1ed3ng ngh\u0129a vi\u1ec7c b\u1ea1n \u0111\u1ed3ng \u00fd v\u1edbi nh\u1eefng n\u1ed9i dung \u0111\u01b0\u1ee3c quy \u0111\u1ecbnh trong Ch\u00ednh s\u00e1ch h\u1ed7 tr\u1ee3 ho\u00e0n thi\u1ec7n n\u1ed9i dung [&hellip;]","og_url":"https:\/\/webify.vn\/en\/chinh-sach-ho-tro-hoan-thien-noi-dung\/","og_site_name":"Webify","article_modified_time":"2026-01-31T03:47:44+00:00","twitter_card":"summary_large_image","twitter_misc":{"Est. reading time":"6 minutes"},"schema":{"@context":"https:\/\/schema.org","@graph":[{"@type":"WebPage","@id":"https:\/\/webify.vn\/chinh-sach-ho-tro-hoan-thien-noi-dung","url":"https:\/\/webify.vn\/chinh-sach-ho-tro-hoan-thien-noi-dung","name":"Ch\u00ednh s\u00e1ch h\u1ed7 tr\u1ee3 ho\u00e0n thi\u1ec7n n\u1ed9i dung - Webify","isPartOf":{"@id":"https:\/\/webify.vn\/#website"},"datePublished":"2026-01-31T03:06:02+00:00","dateModified":"2026-01-31T03:47:44+00:00","breadcrumb":{"@id":"https:\/\/webify.vn\/chinh-sach-ho-tro-hoan-thien-noi-dung#breadcrumb"},"inLanguage":"en-US","potentialAction":[{"@type":"ReadAction","target":["https:\/\/webify.vn\/chinh-sach-ho-tro-hoan-thien-noi-dung"]}]},{"@type":"BreadcrumbList","@id":"https:\/\/webify.vn\/chinh-sach-ho-tro-hoan-thien-noi-dung#breadcrumb","itemListElement":[{"@type":"ListItem","position":1,"name":"Trang ch\u1ee7","item":"https:\/\/webify.vn\/"},{"@type":"ListItem","position":2,"name":"Ch\u00ednh s\u00e1ch h\u1ed7 tr\u1ee3 ho\u00e0n thi\u1ec7n n\u1ed9i dung"}]},{"@type":"WebSite","@id":"https:\/\/webify.vn\/#website","url":"https:\/\/webify.vn\/","name":"Webify","description":"Gi\u1ea3i ph\u00e1p Website, Digital Marketing h\u00e0ng \u0111\u1ea7u cho Doanh nghi\u1ec7p","publisher":{"@id":"https:\/\/webify.vn\/#organization"},"potentialAction":[{"@type":"SearchAction","target":{"@type":"EntryPoint","urlTemplate":"https:\/\/webify.vn\/?s={search_term_string}"},"query-input":{"@type":"PropertyValueSpecification","valueRequired":true,"valueName":"search_term_string"}}],"inLanguage":"en-US"},{"@type":"Organization","@id":"https:\/\/webify.vn\/#organization","name":"Webify","url":"https:\/\/webify.vn\/","logo":{"@type":"ImageObject","inLanguage":"en-US","@id":"https:\/\/webify.vn\/#\/schema\/logo\/image\/","url":"https:\/\/webify.vn\/wp-content\/uploads\/2025\/03\/webify.webp","contentUrl":"https:\/\/webify.vn\/wp-content\/uploads\/2025\/03\/webify.webp","width":345,"height":90,"caption":"Webify"},"image":{"@id":"https:\/\/webify.vn\/#\/schema\/logo\/image\/"}}]}},"_links":{"self":[{"href":"https:\/\/webify.vn\/en\/wp-json\/wp\/v2\/pages\/18579","targetHints":{"allow":["GET"]}}],"collection":[{"href":"https:\/\/webify.vn\/en\/wp-json\/wp\/v2\/pages"}],"about":[{"href":"https:\/\/webify.vn\/en\/wp-json\/wp\/v2\/types\/page"}],"author":[{"embeddable":true,"href":"https:\/\/webify.vn\/en\/wp-json\/wp\/v2\/users\/2"}],"replies":[{"embeddable":true,"href":"https:\/\/webify.vn\/en\/wp-json\/wp\/v2\/comments?post=18579"}],"version-history":[{"count":0,"href":"https:\/\/webify.vn\/en\/wp-json\/wp\/v2\/pages\/18579\/revisions"}],"wp:attachment":[{"href":"https:\/\/webify.vn\/en\/wp-json\/wp\/v2\/media?parent=18579"}],"curies":[{"name":"wp","href":"https:\/\/api.w.org\/{rel}","templated":true}]}}