{"id":2661,"date":"2025-11-02T19:45:01","date_gmt":"2025-11-02T12:45:01","guid":{"rendered":"https:\/\/webify.vn\/?page_id=2661"},"modified":"2026-01-30T12:39:05","modified_gmt":"2026-01-30T05:39:05","slug":"ca-nhan","status":"publish","type":"page","link":"https:\/\/webify.vn\/en\/dich-vu\/thiet-ke-website\/ca-nhan","title":{"rendered":"Thi\u1ebft k\u1ebf website c\u00e1 nh\u00e2n"},"content":{"rendered":"","protected":false},"excerpt":{"rendered":"","protected":false},"author":1,"featured_media":0,"parent":1107,"menu_order":0,"comment_status":"closed","ping_status":"closed","template":"elementor_header_footer","meta":{"footnotes":""},"class_list":["post-2661","page","type-page","status-publish","hentry"],"yoast_head":"<!-- This site is optimized with the Yoast SEO plugin v27.0 - https:\/\/yoast.com\/product\/yoast-seo-wordpress\/ -->\n<title>Thi\u1ebft k\u1ebf website c\u00e1 nh\u00e2n - Webify<\/title>\n<meta name=\"robots\" content=\"noindex, follow, max-snippet:-1, max-image-preview:large, max-video-preview:-1\" \/>\n<meta property=\"og:locale\" content=\"en_US\" \/>\n<meta property=\"og:type\" content=\"article\" \/>\n<meta property=\"og:title\" content=\"Thi\u1ebft k\u1ebf website c\u00e1 nh\u00e2n - Webify\" \/>\n<meta property=\"og:url\" content=\"https:\/\/webify.vn\/en\/dich-vu\/thiet-ke-website\/ca-nhan\/\" \/>\n<meta property=\"og:site_name\" content=\"Webify\" \/>\n<meta property=\"article:modified_time\" content=\"2026-01-30T05:39:05+00:00\" \/>\n<meta name=\"twitter:card\" content=\"summary_large_image\" \/>\n<script type=\"application\/ld+json\" class=\"yoast-schema-graph\">{\"@context\":\"https:\/\/schema.org\",\"@graph\":[{\"@type\":\"WebPage\",\"@id\":\"https:\/\/webify.vn\/dich-vu\/thiet-ke-website\/ca-nhan\",\"url\":\"https:\/\/webify.vn\/dich-vu\/thiet-ke-website\/ca-nhan\",\"name\":\"Thi\u1ebft k\u1ebf website c\u00e1 nh\u00e2n - Webify\",\"isPartOf\":{\"@id\":\"https:\/\/webify.vn\/#website\"},\"datePublished\":\"2025-11-02T12:45:01+00:00\",\"dateModified\":\"2026-01-30T05:39:05+00:00\",\"breadcrumb\":{\"@id\":\"https:\/\/webify.vn\/dich-vu\/thiet-ke-website\/ca-nhan#breadcrumb\"},\"inLanguage\":\"en-US\",\"potentialAction\":[{\"@type\":\"ReadAction\",\"target\":[\"https:\/\/webify.vn\/dich-vu\/thiet-ke-website\/ca-nhan\"]}]},{\"@type\":\"BreadcrumbList\",\"@id\":\"https:\/\/webify.vn\/dich-vu\/thiet-ke-website\/ca-nhan#breadcrumb\",\"itemListElement\":[{\"@type\":\"ListItem\",\"position\":1,\"name\":\"Trang ch\u1ee7\",\"item\":\"https:\/\/webify.vn\/\"},{\"@type\":\"ListItem\",\"position\":2,\"name\":\"D\u1ecbch v\u1ee5\",\"item\":\"https:\/\/webify.vn\/dich-vu\"},{\"@type\":\"ListItem\",\"position\":3,\"name\":\"Thi\u1ebft k\u1ebf website\",\"item\":\"https:\/\/webify.vn\/dich-vu\/thiet-ke-website\"},{\"@type\":\"ListItem\",\"position\":4,\"name\":\"Thi\u1ebft k\u1ebf website c\u00e1 nh\u00e2n\"}]},{\"@type\":\"WebSite\",\"@id\":\"https:\/\/webify.vn\/#website\",\"url\":\"https:\/\/webify.vn\/\",\"name\":\"Webify\",\"description\":\"Gi\u1ea3i ph\u00e1p Website, Digital Marketing h\u00e0ng \u0111\u1ea7u cho Doanh nghi\u1ec7p\",\"publisher\":{\"@id\":\"https:\/\/webify.vn\/#organization\"},\"potentialAction\":[{\"@type\":\"SearchAction\",\"target\":{\"@type\":\"EntryPoint\",\"urlTemplate\":\"https:\/\/webify.vn\/?s={search_term_string}\"},\"query-input\":{\"@type\":\"PropertyValueSpecification\",\"valueRequired\":true,\"valueName\":\"search_term_string\"}}],\"inLanguage\":\"en-US\"},{\"@type\":\"Organization\",\"@id\":\"https:\/\/webify.vn\/#organization\",\"name\":\"Webify\",\"url\":\"https:\/\/webify.vn\/\",\"logo\":{\"@type\":\"ImageObject\",\"inLanguage\":\"en-US\",\"@id\":\"https:\/\/webify.vn\/#\/schema\/logo\/image\/\",\"url\":\"https:\/\/webify.vn\/wp-content\/uploads\/2025\/03\/webify.webp\",\"contentUrl\":\"https:\/\/webify.vn\/wp-content\/uploads\/2025\/03\/webify.webp\",\"width\":345,\"height\":90,\"caption\":\"Webify\"},\"image\":{\"@id\":\"https:\/\/webify.vn\/#\/schema\/logo\/image\/\"}}]}<\/script>\n<!-- \/ Yoast SEO plugin. -->","yoast_head_json":{"title":"Thi\u1ebft k\u1ebf website c\u00e1 nh\u00e2n - Webify","robots":{"index":"noindex","follow":"follow","max-snippet":"max-snippet:-1","max-image-preview":"max-image-preview:large","max-video-preview":"max-video-preview:-1"},"og_locale":"en_US","og_type":"article","og_title":"Thi\u1ebft k\u1ebf website c\u00e1 nh\u00e2n - Webify","og_url":"https:\/\/webify.vn\/en\/dich-vu\/thiet-ke-website\/ca-nhan\/","og_site_name":"Webify","article_modified_time":"2026-01-30T05:39:05+00:00","twitter_card":"summary_large_image","schema":{"@context":"https:\/\/schema.org","@graph":[{"@type":"WebPage","@id":"https:\/\/webify.vn\/dich-vu\/thiet-ke-website\/ca-nhan","url":"https:\/\/webify.vn\/dich-vu\/thiet-ke-website\/ca-nhan","name":"Thi\u1ebft k\u1ebf website c\u00e1 nh\u00e2n - Webify","isPartOf":{"@id":"https:\/\/webify.vn\/#website"},"datePublished":"2025-11-02T12:45:01+00:00","dateModified":"2026-01-30T05:39:05+00:00","breadcrumb":{"@id":"https:\/\/webify.vn\/dich-vu\/thiet-ke-website\/ca-nhan#breadcrumb"},"inLanguage":"en-US","potentialAction":[{"@type":"ReadAction","target":["https:\/\/webify.vn\/dich-vu\/thiet-ke-website\/ca-nhan"]}]},{"@type":"BreadcrumbList","@id":"https:\/\/webify.vn\/dich-vu\/thiet-ke-website\/ca-nhan#breadcrumb","itemListElement":[{"@type":"ListItem","position":1,"name":"Trang ch\u1ee7","item":"https:\/\/webify.vn\/"},{"@type":"ListItem","position":2,"name":"D\u1ecbch v\u1ee5","item":"https:\/\/webify.vn\/dich-vu"},{"@type":"ListItem","position":3,"name":"Thi\u1ebft k\u1ebf website","item":"https:\/\/webify.vn\/dich-vu\/thiet-ke-website"},{"@type":"ListItem","position":4,"name":"Thi\u1ebft k\u1ebf website c\u00e1 nh\u00e2n"}]},{"@type":"WebSite","@id":"https:\/\/webify.vn\/#website","url":"https:\/\/webify.vn\/","name":"Webify","description":"Gi\u1ea3i ph\u00e1p Website, Digital Marketing h\u00e0ng \u0111\u1ea7u cho Doanh nghi\u1ec7p","publisher":{"@id":"https:\/\/webify.vn\/#organization"},"potentialAction":[{"@type":"SearchAction","target":{"@type":"EntryPoint","urlTemplate":"https:\/\/webify.vn\/?s={search_term_string}"},"query-input":{"@type":"PropertyValueSpecification","valueRequired":true,"valueName":"search_term_string"}}],"inLanguage":"en-US"},{"@type":"Organization","@id":"https:\/\/webify.vn\/#organization","name":"Webify","url":"https:\/\/webify.vn\/","logo":{"@type":"ImageObject","inLanguage":"en-US","@id":"https:\/\/webify.vn\/#\/schema\/logo\/image\/","url":"https:\/\/webify.vn\/wp-content\/uploads\/2025\/03\/webify.webp","contentUrl":"https:\/\/webify.vn\/wp-content\/uploads\/2025\/03\/webify.webp","width":345,"height":90,"caption":"Webify"},"image":{"@id":"https:\/\/webify.vn\/#\/schema\/logo\/image\/"}}]}},"_links":{"self":[{"href":"https:\/\/webify.vn\/en\/wp-json\/wp\/v2\/pages\/2661","targetHints":{"allow":["GET"]}}],"collection":[{"href":"https:\/\/webify.vn\/en\/wp-json\/wp\/v2\/pages"}],"about":[{"href":"https:\/\/webify.vn\/en\/wp-json\/wp\/v2\/types\/page"}],"author":[{"embeddable":true,"href":"https:\/\/webify.vn\/en\/wp-json\/wp\/v2\/users\/1"}],"replies":[{"embeddable":true,"href":"https:\/\/webify.vn\/en\/wp-json\/wp\/v2\/comments?post=2661"}],"version-history":[{"count":0,"href":"https:\/\/webify.vn\/en\/wp-json\/wp\/v2\/pages\/2661\/revisions"}],"up":[{"embeddable":true,"href":"https:\/\/webify.vn\/en\/wp-json\/wp\/v2\/pages\/1107"}],"wp:attachment":[{"href":"https:\/\/webify.vn\/en\/wp-json\/wp\/v2\/media?parent=2661"}],"curies":[{"name":"wp","href":"https:\/\/api.w.org\/{rel}","templated":true}]}}