{"id":53,"date":"2025-10-27T11:39:50","date_gmt":"2025-10-27T04:39:50","guid":{"rendered":"https:\/\/webify.vn\/?page_id=53"},"modified":"2026-02-01T23:47:38","modified_gmt":"2026-02-01T16:47:38","slug":"lien-he","status":"publish","type":"page","link":"https:\/\/webify.vn\/en\/lien-he","title":{"rendered":"Li\u00ean h\u1ec7"},"content":{"rendered":"\t\t<div data-elementor-type=\"wp-page\" data-elementor-id=\"53\" class=\"elementor elementor-53\" data-elementor-post-type=\"page\">\n\t\t\t\t\t\t<div class=\"elementor-element elementor-element-da6e51a e-con e-atomic-element e-flexbox-base e-da6e51a-1ab32b6\" data-id=\"da6e51a\" data-element_type=\"e-flexbox\">\n\t\t\t\t<div class=\"elementor-element elementor-element-65c094c elementor-widget__width-initial elementor-align-center elementor-widget elementor-widget-breadcrumbs\" data-id=\"65c094c\" data-element_type=\"widget\" data-widget_type=\"breadcrumbs.default\">\n\t\t\t\t<div class=\"elementor-widget-container\">\n\t\t\t\t\t<p id=\"breadcrumbs\"><span><span><a href=\"https:\/\/webify.vn\/\"><svg xmlns=\"http:\/\/www.w3.org\/2000\/svg\" width=\"14\" height=\"14\" viewBox=\"0 0 24 24\" fill=\"none\" stroke=\"currentColor\" stroke-width=\"2\" stroke-linecap=\"round\" stroke-linejoin=\"round\" style=\"display:inline-block;vertical-align:middle;margin-top:-3.5px;margin-right:5px;\">\n            <path d=\"M3 9l9-7 9 7v11a2 2 0 0 1-2 2H5a2 2 0 0 1-2-2z\"><\/path>\n            <polyline points=\"9 22 9 12 15 12 15 22\"><\/polyline>\n        <\/svg>Trang ch\u1ee7<\/a><\/span><\/span><\/p>\t\t\t\t<\/div>\n\t\t\t\t<\/div>\n\t\t\t\t<\/div>\n\t\t<div class=\"elementor-element elementor-element-bddd1c9 e-flex e-con-boxed e-con e-parent\" data-id=\"bddd1c9\" data-element_type=\"container\">\n\t\t\t\t\t<div class=\"e-con-inner\">\n\t\t\t\t\t\t\t<h2 \n\t\tdata-interaction-id=\"d5728e4\" \n\t\tclass=\"e-d5728e4-7951fc2 e-heading-base\" \n\t\t \n\t\t\n\t\t\t>\n\t\n\t\t\tLi\u00ean h\u1ec7 v\u1edbi ch\u00fang t\u00f4i\n\t\t<\/h2>\n\t\t\t\t\t\t\t\t<p class=\"e-1a2d32a-0d8b887 e-paragraph-base\" data-interaction-id=\"1a2d32a\" data-interactions=\"&#x5B;&#x5D;\"  >\n\t\t\t\t\t\t\t\t\t\tG\u1eedi y\u00eau c\u1ea7u ngay h\u00f4m nay \u2013 Webify s\u1ebd li\u00ean h\u1ec7 v\u00e0 \u0111\u1ec1 xu\u1ea5t gi\u1ea3i ph\u00e1p hi\u1ec7u qu\u1ea3 nh\u1ea5t cho doanh nghi\u1ec7p b\u1ea1n!\n\t\t\t\t\t\t<\/p>\n\t\t\t\t<div class=\"elementor-element elementor-element-546e1b3 cus-form-contact elementor-button-align-center elementor-widget elementor-widget-form\" data-id=\"546e1b3\" data-element_type=\"widget\" data-settings=\"{&quot;step_next_label&quot;:&quot;Next&quot;,&quot;step_previous_label&quot;:&quot;Previous&quot;,&quot;button_width&quot;:&quot;100&quot;,&quot;step_type&quot;:&quot;number_text&quot;,&quot;step_icon_shape&quot;:&quot;circle&quot;}\" data-widget_type=\"form.default\">\n\t\t\t\t<div class=\"elementor-widget-container\">\n\t\t\t\t\t\t\t<form class=\"elementor-form\" method=\"post\" name=\"Form Li\u00ean h\u1ec7\" aria-label=\"Form Li\u00ean h\u1ec7\">\n\t\t\t<input type=\"hidden\" name=\"post_id\" value=\"53\"\/>\n\t\t\t<input type=\"hidden\" name=\"form_id\" value=\"546e1b3\"\/>\n\t\t\t<input type=\"hidden\" name=\"referer_title\" value=\"Li\u00ean h\u1ec7 - Webify\" \/>\n\n\t\t\t\t\t\t\t<input type=\"hidden\" name=\"queried_id\" value=\"53\"\/>\n\t\t\t\n\t\t\t<div class=\"elementor-form-fields-wrapper elementor-labels-\">\n\t\t\t\t\t\t\t\t<div class=\"elementor-field-type-text elementor-field-group elementor-column elementor-field-group-name elementor-col-50 elementor-field-required\">\n\t\t\t\t\t\t\t\t\t\t\t\t<label for=\"form-field-name\" class=\"elementor-field-label elementor-screen-only\">\n\t\t\t\t\t\t\t\tH\u1ecd v\u00e0 t\u00ean (*)\t\t\t\t\t\t\t<\/label>\n\t\t\t\t\t\t\t\t\t\t\t\t\t\t<input size=\"1\" type=\"text\" name=\"form_fields[name]\" id=\"form-field-name\" class=\"elementor-field elementor-size-md  elementor-field-textual\" placeholder=\"H\u1ecd v\u00e0 t\u00ean\" required=\"required\">\n\t\t\t\t\t\t\t\t\t\t\t<\/div>\n\t\t\t\t\t\t\t\t<div class=\"elementor-field-type-tel elementor-field-group elementor-column elementor-field-group-phone elementor-col-50 elementor-field-required\">\n\t\t\t\t\t\t\t\t\t\t\t\t<label for=\"form-field-phone\" class=\"elementor-field-label elementor-screen-only\">\n\t\t\t\t\t\t\t\tS\u1ed1 \u0111i\u1ec7n tho\u1ea1i (*)\t\t\t\t\t\t\t<\/label>\n\t\t\t\t\t\t\t\t<input size=\"1\" type=\"tel\" name=\"form_fields[phone]\" id=\"form-field-phone\" class=\"elementor-field elementor-size-md  elementor-field-textual\" placeholder=\"S\u1ed1 \u0111i\u1ec7n tho\u1ea1i\" required=\"required\" pattern=\"[0-9()#&amp;+*-=.]+\" title=\"Only numbers and phone characters (#, -, *, etc) are accepted.\">\n\n\t\t\t\t\t\t<\/div>\n\t\t\t\t\t\t\t\t<div class=\"elementor-field-type-email elementor-field-group elementor-column elementor-field-group-email elementor-col-50\">\n\t\t\t\t\t\t\t\t\t\t\t\t<label for=\"form-field-email\" class=\"elementor-field-label elementor-screen-only\">\n\t\t\t\t\t\t\t\tEmail\t\t\t\t\t\t\t<\/label>\n\t\t\t\t\t\t\t\t\t\t\t\t\t\t<input size=\"1\" type=\"email\" name=\"form_fields[email]\" id=\"form-field-email\" class=\"elementor-field elementor-size-md  elementor-field-textual\" placeholder=\"Email\">\n\t\t\t\t\t\t\t\t\t\t\t<\/div>\n\t\t\t\t\t\t\t\t<div class=\"elementor-field-type-text elementor-field-group elementor-column elementor-field-group-company elementor-col-50\">\n\t\t\t\t\t\t\t\t\t\t\t\t<label for=\"form-field-company\" class=\"elementor-field-label elementor-screen-only\">\n\t\t\t\t\t\t\t\tC\u00f4ng ty\t\t\t\t\t\t\t<\/label>\n\t\t\t\t\t\t\t\t\t\t\t\t\t\t<input size=\"1\" type=\"text\" name=\"form_fields[company]\" id=\"form-field-company\" class=\"elementor-field elementor-size-md  elementor-field-textual\" placeholder=\"C\u00f4ng ty\">\n\t\t\t\t\t\t\t\t\t\t\t<\/div>\n\t\t\t\t\t\t\t\t<div class=\"elementor-field-type-select elementor-field-group elementor-column elementor-field-group-service elementor-col-100\">\n\t\t\t\t\t\t\t\t\t\t\t\t<label for=\"form-field-service\" class=\"elementor-field-label elementor-screen-only\">\n\t\t\t\t\t\t\t\t-- D\u1ecbch v\u1ee5 b\u1ea1n quan t\u00e2m --\t\t\t\t\t\t\t<\/label>\n\t\t\t\t\t\t\t\t<div class=\"elementor-field elementor-select-wrapper remove-before \">\n\t\t\t<div class=\"select-caret-down-wrapper\">\n\t\t\t\t<svg aria-hidden=\"true\" class=\"e-font-icon-svg e-eicon-caret-down\" viewBox=\"0 0 571.4 571.4\" xmlns=\"http:\/\/www.w3.org\/2000\/svg\"><path d=\"M571 393Q571 407 561 418L311 668Q300 679 286 679T261 668L11 418Q0 407 0 393T11 368 36 357H536Q550 357 561 368T571 393Z\"><\/path><\/svg>\t\t\t<\/div>\n\t\t\t<select name=\"form_fields[service]\" id=\"form-field-service\" class=\"elementor-field-textual elementor-size-md\">\n\t\t\t\t\t\t\t\t\t<option value=\"-- D\u1ecbch v\u1ee5 b\u1ea1n quan t\u00e2m --\">-- D\u1ecbch v\u1ee5 b\u1ea1n quan t\u00e2m --<\/option>\n\t\t\t\t\t\t\t\t\t<option value=\"D\u1ecbch v\u1ee5 website\">D\u1ecbch v\u1ee5 website<\/option>\n\t\t\t\t\t\t\t\t\t<option value=\"D\u1ecbch v\u1ee5 Ai\">D\u1ecbch v\u1ee5 Ai<\/option>\n\t\t\t\t\t\t\t\t\t<option value=\"D\u1ecbch v\u1ee5 \u0111\u1ed3 h\u1ecda\">D\u1ecbch v\u1ee5 \u0111\u1ed3 h\u1ecda<\/option>\n\t\t\t\t\t\t\t\t\t<option value=\"D\u1ecbch v\u1ee5 kh\u00e1c\">D\u1ecbch v\u1ee5 kh\u00e1c<\/option>\n\t\t\t\t\t\t\t<\/select>\n\t\t<\/div>\n\t\t\t\t\t\t<\/div>\n\t\t\t\t\t\t\t\t<div class=\"elementor-field-type-textarea elementor-field-group elementor-column elementor-field-group-message elementor-col-100\">\n\t\t\t\t\t\t\t\t\t\t\t\t<label for=\"form-field-message\" class=\"elementor-field-label elementor-screen-only\">\n\t\t\t\t\t\t\t\tN\u1ed9i dung tin nh\u1eafn\t\t\t\t\t\t\t<\/label>\n\t\t\t\t\t\t<textarea class=\"elementor-field-textual elementor-field  elementor-size-md\" name=\"form_fields[message]\" id=\"form-field-message\" rows=\"6\" placeholder=\"Nh\u1eadp n\u1ed9i dung tin nh\u1eafn\"><\/textarea>\t\t\t\t<\/div>\n\t\t\t\t\t\t\t\t<div class=\"elementor-field-group elementor-column elementor-field-type-submit elementor-col-100 e-form__buttons\">\n\t\t\t\t\t<button class=\"elementor-button elementor-size-md\" type=\"submit\">\n\t\t\t\t\t\t<span class=\"elementor-button-content-wrapper\">\n\t\t\t\t\t\t\t\t\t\t\t\t\t\t\t<span class=\"elementor-button-icon\">\n\t\t\t\t\t\t\t\t\t<svg aria-hidden=\"true\" class=\"e-font-icon-svg e-far-paper-plane\" viewBox=\"0 0 512 512\" xmlns=\"http:\/\/www.w3.org\/2000\/svg\"><path d=\"M440 6.5L24 246.4c-34.4 19.9-31.1 70.8 5.7 85.9L144 379.6V464c0 46.4 59.2 65.5 86.6 28.6l43.8-59.1 111.9 46.2c5.9 2.4 12.1 3.6 18.3 3.6 8.2 0 16.3-2.1 23.6-6.2 12.8-7.2 21.6-20 23.9-34.5l59.4-387.2c6.1-40.1-36.9-68.8-71.5-48.9zM192 464v-64.6l36.6 15.1L192 464zm212.6-28.7l-153.8-63.5L391 169.5c10.7-15.5-9.5-33.5-23.7-21.2L155.8 332.6 48 288 464 48l-59.4 387.3z\"><\/path><\/svg>\t\t\t\t\t\t\t\t\t\t\t\t\t\t\t\t\t<\/span>\n\t\t\t\t\t\t\t\t\t\t\t\t\t\t\t\t\t\t\t\t\t\t<span class=\"elementor-button-text\">\u0110\u0103ng k\u00fd<\/span>\n\t\t\t\t\t\t\t\t\t\t\t\t\t<\/span>\n\t\t\t\t\t<\/button>\n\t\t\t\t<\/div>\n\t\t\t<\/div>\n\t\t<\/form>\n\t\t\t\t\t\t<\/div>\n\t\t\t\t<\/div>\n\t\t\t\t\t<\/div>\n\t\t\t\t<\/div>\n\t\t<div class=\"elementor-element elementor-element-8f777cf e-flex e-con-boxed e-con e-parent\" data-id=\"8f777cf\" data-element_type=\"container\" data-settings=\"{&quot;background_background&quot;:&quot;classic&quot;}\">\n\t\t\t\t\t<div class=\"e-con-inner\">\n\t\t\t\t\t\t\t\t<p class=\"e-b3412c1-fa86536 e-paragraph-base\" data-interaction-id=\"b3412c1\" data-interactions=\"&#x5B;&#x5D;\"  >\n\t\t\t\t\t\t\t\t\t\tB\u1ea1n c\u1ea7n th\u00eam th\u00f4ng tin\n\n\t\t\t\t\t\t<\/p>\n\t\t\t\t\t\t\t<h2 \n\t\tdata-interaction-id=\"36c0f34\" \n\t\tclass=\"e-36c0f34-4cfc30d e-heading-base\" \n\t\t \n\t\t\n\t\t\t>\n\t\n\t\t\tH\u00e3y \u0111\u1ec3 Webify t\u01b0 v\u1ea5n cho b\u1ea1n\n\t\t<\/h2>\n\t\t\t\t<div class=\"elementor-element elementor-element-7fffb21 e-con e-atomic-element e-flexbox-base e-7fffb21-a5162f9\" data-id=\"7fffb21\" data-element_type=\"e-flexbox\">\n\t\t\t\t\t\t\t\n\t\t<img class=\"e-image-base e-d3a238d-5a1b93c\" \n\t\t\t\t\tdata-interaction-id=\"d3a238d\" \n\t\t\tdata-interactions=\"&#x5B;&#x5D;\"\n\t\t \n\t\t \n\t\t\t\t\t\t\t\t\tid=\"10319\"\n\t\t\t\t\t\t\t\t\t\t\t\tsrc=\"https:\/\/webify.vn\/wp-content\/uploads\/2025\/12\/icon-support-1.png\"\n\t\t\t\t\t\t\t\t\t\t\t\twidth=\"91\"\n\t\t\t\t\t\t\t\t\t\t\t\theight=\"91\"\n\t\t\t\t\t\t\t\t\t\t\t\tsrcset=\"https:\/\/webify.vn\/wp-content\/uploads\/2025\/12\/icon-support-1.png 91w, https:\/\/webify.vn\/wp-content\/uploads\/2025\/12\/icon-support-1-12x12.png 12w\"\n\t\t\t\t\t\t\t\t\t\t\t\talt=\"Icon Support 1\"\n\t\t\t\t\t\t\/>\n\t\t\t\t\t\t\t\t<h2 \n\t\tdata-interaction-id=\"d13893e\" \n\t\tclass=\"e-d13893e-b1458fc e-heading-base\" \n\t\t \n\t\t\n\t\t\t>\n\t\n\t\t\tHotline t\u01b0 v\u1ea5n tr\u1ef1c ti\u1ebfp\n\n\t\t<\/h2>\n\t\t\t\t\t    \t            <a\n            href=\"tel:0968313247\"\n            target=\"_self\"\n            class=\"e-1fc768c-c3a788a e-button-base\"\n            data-interaction-id=\"1fc768c\"\n            data-interactions=\"&#x5B;&#x5D;\"\n             \n        >\n            0968.313.247\n        <\/a>\n    \t\t\t\t<\/div>\n\t\t\t\t<div class=\"elementor-element elementor-element-9150ff3 e-con e-atomic-element e-flexbox-base e-9150ff3-ebd35c0\" data-id=\"9150ff3\" data-element_type=\"e-flexbox\">\n\t\t\t\t\t\t\t\n\t\t<img class=\"e-image-base e-ab414e7-617a608\" \n\t\t\t\t\tdata-interaction-id=\"ab414e7\" \n\t\t\tdata-interactions=\"&#x5B;&#x5D;\"\n\t\t \n\t\t \n\t\t\t\t\t\t\t\t\tid=\"10318\"\n\t\t\t\t\t\t\t\t\t\t\t\tsrc=\"https:\/\/webify.vn\/wp-content\/uploads\/2025\/12\/icon-support-2.png\"\n\t\t\t\t\t\t\t\t\t\t\t\twidth=\"91\"\n\t\t\t\t\t\t\t\t\t\t\t\theight=\"91\"\n\t\t\t\t\t\t\t\t\t\t\t\tsrcset=\"https:\/\/webify.vn\/wp-content\/uploads\/2025\/12\/icon-support-2.png 91w, https:\/\/webify.vn\/wp-content\/uploads\/2025\/12\/icon-support-2-12x12.png 12w\"\n\t\t\t\t\t\t\t\t\t\t\t\talt=\"Icon Support 2\"\n\t\t\t\t\t\t\/>\n\t\t\t\t\t\t\t\t<h2 \n\t\tdata-interaction-id=\"d54c11d\" \n\t\tclass=\"e-d54c11d-889f4bc e-heading-base\" \n\t\t \n\t\t\n\t\t\t>\n\t\n\t\t\tT\u01b0 v\u1ea5n qua tin nh\u1eafn\n\t\t<\/h2>\n\t\t\t\t\t    \t            <a\n            href=\"https:\/\/zalo.me\/0968313247\"\n            target=\"_blank\"\n            class=\"e-c7b3617-aa90517 e-button-base\"\n            data-interaction-id=\"c7b3617\"\n            data-interactions=\"&#x5B;&#x5D;\"\n             \n        >\n            Chat ngay n\u00e0o\n        <\/a>\n    \t\t\t\t<\/div>\n\t\t\t\t<div class=\"elementor-element elementor-element-e49b36e e-con e-atomic-element e-flexbox-base e-e49b36e-eb0d8c2\" data-id=\"e49b36e\" data-element_type=\"e-flexbox\">\n\t\t\t\t\t\t\t\n\t\t<img class=\"e-image-base e-ba1f8e4-dcbb3b4\" \n\t\t\t\t\tdata-interaction-id=\"ba1f8e4\" \n\t\t\tdata-interactions=\"&#x5B;&#x5D;\"\n\t\t \n\t\t \n\t\t\t\t\t\t\t\t\tid=\"10317\"\n\t\t\t\t\t\t\t\t\t\t\t\tsrc=\"https:\/\/webify.vn\/wp-content\/uploads\/2025\/12\/icon-support-3.png\"\n\t\t\t\t\t\t\t\t\t\t\t\twidth=\"91\"\n\t\t\t\t\t\t\t\t\t\t\t\theight=\"91\"\n\t\t\t\t\t\t\t\t\t\t\t\tsrcset=\"https:\/\/webify.vn\/wp-content\/uploads\/2025\/12\/icon-support-3.png 91w, https:\/\/webify.vn\/wp-content\/uploads\/2025\/12\/icon-support-3-12x12.png 12w\"\n\t\t\t\t\t\t\t\t\t\t\t\talt=\"Icon Support 3\"\n\t\t\t\t\t\t\/>\n\t\t\t\t\t\t\t\t<h2 \n\t\tdata-interaction-id=\"52d7801\" \n\t\tclass=\"e-52d7801-26c74aa e-heading-base\" \n\t\t \n\t\t\n\t\t\t>\n\t\n\t\t\t\u0110\u1ec3 l\u1ea1i th\u00f4ng tin li\u00ean h\u1ec7\n\t\t<\/h2>\n\t\t\t\t\t    \t            <button class=\"e-58ff2d1-e1c02d5 e-button-base\" data-interaction-id=\"58ff2d1\" data-interactions=\"&#x5B;&#x5D;\" id=lien-he >\n            G\u1eedi y\u00eau c\u1ea7u li\u00ean h\u1ec7\n        <\/button>\n    \t\t\t\t<\/div>\n\t\t\t\t\t<\/div>\n\t\t\t\t<\/div>\n\t\t\t\t<\/div>\n\t\t","protected":false},"excerpt":{"rendered":"<p>Li\u00ean h\u1ec7 v\u1edbi ch\u00fang t\u00f4i G\u1eedi y\u00eau c\u1ea7u ngay h\u00f4m nay \u2013 Webify s\u1ebd li\u00ean h\u1ec7 v\u00e0 \u0111\u1ec1 xu\u1ea5t gi\u1ea3i ph\u00e1p hi\u1ec7u qu\u1ea3 nh\u1ea5t cho doanh nghi\u1ec7p b\u1ea1n! B\u1ea1n c\u1ea7n th\u00eam th\u00f4ng tin H\u00e3y \u0111\u1ec3 Webify t\u01b0 v\u1ea5n cho b\u1ea1n Hotline t\u01b0 v\u1ea5n tr\u1ef1c ti\u1ebfp 0968.313.247 T\u01b0 v\u1ea5n qua tin nh\u1eafn Chat ngay n\u00e0o \u0110\u1ec3 [&hellip;]<\/p>\n","protected":false},"author":2,"featured_media":0,"parent":0,"menu_order":0,"comment_status":"closed","ping_status":"closed","template":"elementor_header_footer","meta":{"footnotes":""},"class_list":["post-53","page","type-page","status-publish","hentry"],"yoast_head":"<!-- This site is optimized with the Yoast SEO plugin v27.0 - https:\/\/yoast.com\/product\/yoast-seo-wordpress\/ -->\n<title>Li\u00ean h\u1ec7 - Webify<\/title>\n<meta name=\"robots\" content=\"noindex, follow, max-snippet:-1, max-image-preview:large, max-video-preview:-1\" \/>\n<meta property=\"og:locale\" content=\"en_US\" \/>\n<meta property=\"og:type\" content=\"article\" \/>\n<meta property=\"og:title\" content=\"Li\u00ean h\u1ec7 - Webify\" \/>\n<meta property=\"og:description\" content=\"Li\u00ean h\u1ec7 v\u1edbi ch\u00fang t\u00f4i G\u1eedi y\u00eau c\u1ea7u ngay h\u00f4m nay \u2013 Webify s\u1ebd li\u00ean h\u1ec7 v\u00e0 \u0111\u1ec1 xu\u1ea5t gi\u1ea3i ph\u00e1p hi\u1ec7u qu\u1ea3 nh\u1ea5t cho doanh nghi\u1ec7p b\u1ea1n! B\u1ea1n c\u1ea7n th\u00eam th\u00f4ng tin H\u00e3y \u0111\u1ec3 Webify t\u01b0 v\u1ea5n cho b\u1ea1n Hotline t\u01b0 v\u1ea5n tr\u1ef1c ti\u1ebfp 0968.313.247 T\u01b0 v\u1ea5n qua tin nh\u1eafn Chat ngay n\u00e0o \u0110\u1ec3 [&hellip;]\" \/>\n<meta property=\"og:url\" content=\"https:\/\/webify.vn\/en\/lien-he\/\" \/>\n<meta property=\"og:site_name\" content=\"Webify\" \/>\n<meta property=\"article:modified_time\" content=\"2026-02-01T16:47:38+00:00\" \/>\n<meta property=\"og:image\" content=\"https:\/\/webify.vn\/wp-content\/uploads\/2025\/12\/icon-support-1.png\" \/>\n<meta name=\"twitter:card\" content=\"summary_large_image\" \/>\n<meta name=\"twitter:label1\" content=\"Est. reading time\" \/>\n\t<meta name=\"twitter:data1\" content=\"1 minute\" \/>\n<script type=\"application\/ld+json\" class=\"yoast-schema-graph\">{\"@context\":\"https:\/\/schema.org\",\"@graph\":[{\"@type\":\"WebPage\",\"@id\":\"https:\/\/webify.vn\/lien-he\",\"url\":\"https:\/\/webify.vn\/lien-he\",\"name\":\"Li\u00ean h\u1ec7 - Webify\",\"isPartOf\":{\"@id\":\"https:\/\/webify.vn\/#website\"},\"primaryImageOfPage\":{\"@id\":\"https:\/\/webify.vn\/lien-he#primaryimage\"},\"image\":{\"@id\":\"https:\/\/webify.vn\/lien-he#primaryimage\"},\"thumbnailUrl\":\"https:\/\/webify.vn\/wp-content\/uploads\/2025\/12\/icon-support-1.png\",\"datePublished\":\"2025-10-27T04:39:50+00:00\",\"dateModified\":\"2026-02-01T16:47:38+00:00\",\"breadcrumb\":{\"@id\":\"https:\/\/webify.vn\/lien-he#breadcrumb\"},\"inLanguage\":\"en-US\",\"potentialAction\":[{\"@type\":\"ReadAction\",\"target\":[\"https:\/\/webify.vn\/lien-he\"]}]},{\"@type\":\"ImageObject\",\"inLanguage\":\"en-US\",\"@id\":\"https:\/\/webify.vn\/lien-he#primaryimage\",\"url\":\"https:\/\/webify.vn\/wp-content\/uploads\/2025\/12\/icon-support-1.png\",\"contentUrl\":\"https:\/\/webify.vn\/wp-content\/uploads\/2025\/12\/icon-support-1.png\"},{\"@type\":\"BreadcrumbList\",\"@id\":\"https:\/\/webify.vn\/lien-he#breadcrumb\",\"itemListElement\":[{\"@type\":\"ListItem\",\"position\":1,\"name\":\"Trang ch\u1ee7\",\"item\":\"https:\/\/webify.vn\/\"},{\"@type\":\"ListItem\",\"position\":2,\"name\":\"Li\u00ean h\u1ec7\"}]},{\"@type\":\"WebSite\",\"@id\":\"https:\/\/webify.vn\/#website\",\"url\":\"https:\/\/webify.vn\/\",\"name\":\"Webify\",\"description\":\"Gi\u1ea3i ph\u00e1p Website, Digital Marketing h\u00e0ng \u0111\u1ea7u cho Doanh nghi\u1ec7p\",\"publisher\":{\"@id\":\"https:\/\/webify.vn\/#organization\"},\"potentialAction\":[{\"@type\":\"SearchAction\",\"target\":{\"@type\":\"EntryPoint\",\"urlTemplate\":\"https:\/\/webify.vn\/?s={search_term_string}\"},\"query-input\":{\"@type\":\"PropertyValueSpecification\",\"valueRequired\":true,\"valueName\":\"search_term_string\"}}],\"inLanguage\":\"en-US\"},{\"@type\":\"Organization\",\"@id\":\"https:\/\/webify.vn\/#organization\",\"name\":\"Webify\",\"url\":\"https:\/\/webify.vn\/\",\"logo\":{\"@type\":\"ImageObject\",\"inLanguage\":\"en-US\",\"@id\":\"https:\/\/webify.vn\/#\/schema\/logo\/image\/\",\"url\":\"https:\/\/webify.vn\/wp-content\/uploads\/2025\/03\/webify.webp\",\"contentUrl\":\"https:\/\/webify.vn\/wp-content\/uploads\/2025\/03\/webify.webp\",\"width\":345,\"height\":90,\"caption\":\"Webify\"},\"image\":{\"@id\":\"https:\/\/webify.vn\/#\/schema\/logo\/image\/\"}}]}<\/script>\n<!-- \/ Yoast SEO plugin. -->","yoast_head_json":{"title":"Li\u00ean h\u1ec7 - Webify","robots":{"index":"noindex","follow":"follow","max-snippet":"max-snippet:-1","max-image-preview":"max-image-preview:large","max-video-preview":"max-video-preview:-1"},"og_locale":"en_US","og_type":"article","og_title":"Li\u00ean h\u1ec7 - Webify","og_description":"Li\u00ean h\u1ec7 v\u1edbi ch\u00fang t\u00f4i G\u1eedi y\u00eau c\u1ea7u ngay h\u00f4m nay \u2013 Webify s\u1ebd li\u00ean h\u1ec7 v\u00e0 \u0111\u1ec1 xu\u1ea5t gi\u1ea3i ph\u00e1p hi\u1ec7u qu\u1ea3 nh\u1ea5t cho doanh nghi\u1ec7p b\u1ea1n! B\u1ea1n c\u1ea7n th\u00eam th\u00f4ng tin H\u00e3y \u0111\u1ec3 Webify t\u01b0 v\u1ea5n cho b\u1ea1n Hotline t\u01b0 v\u1ea5n tr\u1ef1c ti\u1ebfp 0968.313.247 T\u01b0 v\u1ea5n qua tin nh\u1eafn Chat ngay n\u00e0o \u0110\u1ec3 [&hellip;]","og_url":"https:\/\/webify.vn\/en\/lien-he\/","og_site_name":"Webify","article_modified_time":"2026-02-01T16:47:38+00:00","og_image":[{"url":"https:\/\/webify.vn\/wp-content\/uploads\/2025\/12\/icon-support-1.png","type":"","width":"","height":""}],"twitter_card":"summary_large_image","twitter_misc":{"Est. reading time":"1 minute"},"schema":{"@context":"https:\/\/schema.org","@graph":[{"@type":"WebPage","@id":"https:\/\/webify.vn\/lien-he","url":"https:\/\/webify.vn\/lien-he","name":"Li\u00ean h\u1ec7 - Webify","isPartOf":{"@id":"https:\/\/webify.vn\/#website"},"primaryImageOfPage":{"@id":"https:\/\/webify.vn\/lien-he#primaryimage"},"image":{"@id":"https:\/\/webify.vn\/lien-he#primaryimage"},"thumbnailUrl":"https:\/\/webify.vn\/wp-content\/uploads\/2025\/12\/icon-support-1.png","datePublished":"2025-10-27T04:39:50+00:00","dateModified":"2026-02-01T16:47:38+00:00","breadcrumb":{"@id":"https:\/\/webify.vn\/lien-he#breadcrumb"},"inLanguage":"en-US","potentialAction":[{"@type":"ReadAction","target":["https:\/\/webify.vn\/lien-he"]}]},{"@type":"ImageObject","inLanguage":"en-US","@id":"https:\/\/webify.vn\/lien-he#primaryimage","url":"https:\/\/webify.vn\/wp-content\/uploads\/2025\/12\/icon-support-1.png","contentUrl":"https:\/\/webify.vn\/wp-content\/uploads\/2025\/12\/icon-support-1.png"},{"@type":"BreadcrumbList","@id":"https:\/\/webify.vn\/lien-he#breadcrumb","itemListElement":[{"@type":"ListItem","position":1,"name":"Trang ch\u1ee7","item":"https:\/\/webify.vn\/"},{"@type":"ListItem","position":2,"name":"Li\u00ean h\u1ec7"}]},{"@type":"WebSite","@id":"https:\/\/webify.vn\/#website","url":"https:\/\/webify.vn\/","name":"Webify","description":"Gi\u1ea3i ph\u00e1p Website, Digital Marketing h\u00e0ng \u0111\u1ea7u cho Doanh nghi\u1ec7p","publisher":{"@id":"https:\/\/webify.vn\/#organization"},"potentialAction":[{"@type":"SearchAction","target":{"@type":"EntryPoint","urlTemplate":"https:\/\/webify.vn\/?s={search_term_string}"},"query-input":{"@type":"PropertyValueSpecification","valueRequired":true,"valueName":"search_term_string"}}],"inLanguage":"en-US"},{"@type":"Organization","@id":"https:\/\/webify.vn\/#organization","name":"Webify","url":"https:\/\/webify.vn\/","logo":{"@type":"ImageObject","inLanguage":"en-US","@id":"https:\/\/webify.vn\/#\/schema\/logo\/image\/","url":"https:\/\/webify.vn\/wp-content\/uploads\/2025\/03\/webify.webp","contentUrl":"https:\/\/webify.vn\/wp-content\/uploads\/2025\/03\/webify.webp","width":345,"height":90,"caption":"Webify"},"image":{"@id":"https:\/\/webify.vn\/#\/schema\/logo\/image\/"}}]}},"_links":{"self":[{"href":"https:\/\/webify.vn\/en\/wp-json\/wp\/v2\/pages\/53","targetHints":{"allow":["GET"]}}],"collection":[{"href":"https:\/\/webify.vn\/en\/wp-json\/wp\/v2\/pages"}],"about":[{"href":"https:\/\/webify.vn\/en\/wp-json\/wp\/v2\/types\/page"}],"author":[{"embeddable":true,"href":"https:\/\/webify.vn\/en\/wp-json\/wp\/v2\/users\/2"}],"replies":[{"embeddable":true,"href":"https:\/\/webify.vn\/en\/wp-json\/wp\/v2\/comments?post=53"}],"version-history":[{"count":0,"href":"https:\/\/webify.vn\/en\/wp-json\/wp\/v2\/pages\/53\/revisions"}],"wp:attachment":[{"href":"https:\/\/webify.vn\/en\/wp-json\/wp\/v2\/media?parent=53"}],"curies":[{"name":"wp","href":"https:\/\/api.w.org\/{rel}","templated":true}]}}